{"id":38,"date":"2024-07-10T02:08:59","date_gmt":"2024-07-10T00:08:59","guid":{"rendered":"https:\/\/incap.int\/blog\/INCapenses\/?page_id=38"},"modified":"2024-08-07T14:41:46","modified_gmt":"2024-08-07T20:41:46","slug":"38-2","status":"publish","type":"page","link":"https:\/\/www.incap.int\/blog\/INCapenses\/index.php\/38-2\/","title":{"rendered":"Galer\u00eda de fotos"},"content":{"rendered":"\n<p>\u00a1Bienvenidos a la galer\u00eda de fotos conmemorativa del 75 aniversario de INCAP!<\/p>\n\n\n\n<p>Esta secci\u00f3n especial de nuestro blog est\u00e1 dedicada a todas las personas que han formado parte de la familia INCAP a lo largo de estos 75 a\u00f1os. A trav\u00e9s de estas fotograf\u00edas, rendimos homenaje a los hombres y mujeres cuyo trabajo, dedicaci\u00f3n y pasi\u00f3n han sido fundamentales para el crecimiento y \u00e9xito de nuestra organizaci\u00f3n. Cada imagen captura momentos \u00fanicos y valiosos, reflejando el esp\u00edritu de compromiso y la historia compartida que nos define.<\/p>\n\n\n\n<p>Les invitamos a compartir sus propias fotograf\u00edas para ampliar este recorrido visual y que estas im\u00e1genes despierten memorias entra\u00f1ables y sentimientos de orgullo en todos los miembros de nuestra comunidad. \u00a1Gracias por ser parte de esta incre\u00edble historia!<\/p>\n\n\n\n<figure class=\"wp-block-gallery has-nested-images columns-default is-cropped wp-block-gallery-1 is-layout-flex wp-block-gallery-is-layout-flex\">\n<figure class=\"wp-block-image size-large\"><img loading=\"lazy\" decoding=\"async\" width=\"1024\" height=\"625\" data-id=\"39\" src=\"https:\/\/incap.int\/blog\/INCapenses\/wp-content\/uploads\/2024\/07\/1-1024x625.jpg\" alt=\"\" class=\"wp-image-39\" srcset=\"https:\/\/www.incap.int\/blog\/INCapenses\/wp-content\/uploads\/2024\/07\/1-1024x625.jpg 1024w, https:\/\/www.incap.int\/blog\/INCapenses\/wp-content\/uploads\/2024\/07\/1-300x183.jpg 300w, https:\/\/www.incap.int\/blog\/INCapenses\/wp-content\/uploads\/2024\/07\/1-768x469.jpg 768w, https:\/\/www.incap.int\/blog\/INCapenses\/wp-content\/uploads\/2024\/07\/1-1536x938.jpg 1536w, https:\/\/www.incap.int\/blog\/INCapenses\/wp-content\/uploads\/2024\/07\/1-2048x1251.jpg 2048w\" sizes=\"auto, (max-width: 1024px) 100vw, 1024px\" \/><\/figure>\n\n\n\n<figure class=\"wp-block-image size-large\"><img loading=\"lazy\" decoding=\"async\" width=\"1024\" height=\"743\" data-id=\"41\" src=\"https:\/\/incap.int\/blog\/INCapenses\/wp-content\/uploads\/2024\/07\/2-1024x743.jpg\" alt=\"\" class=\"wp-image-41\" srcset=\"https:\/\/www.incap.int\/blog\/INCapenses\/wp-content\/uploads\/2024\/07\/2-1024x743.jpg 1024w, https:\/\/www.incap.int\/blog\/INCapenses\/wp-content\/uploads\/2024\/07\/2-300x218.jpg 300w, https:\/\/www.incap.int\/blog\/INCapenses\/wp-content\/uploads\/2024\/07\/2-768x557.jpg 768w, https:\/\/www.incap.int\/blog\/INCapenses\/wp-content\/uploads\/2024\/07\/2-1536x1115.jpg 1536w, https:\/\/www.incap.int\/blog\/INCapenses\/wp-content\/uploads\/2024\/07\/2-2048x1486.jpg 2048w\" sizes=\"auto, (max-width: 1024px) 100vw, 1024px\" \/><\/figure>\n\n\n\n<figure class=\"wp-block-image size-large\"><img loading=\"lazy\" decoding=\"async\" width=\"1024\" height=\"622\" data-id=\"43\" src=\"https:\/\/incap.int\/blog\/INCapenses\/wp-content\/uploads\/2024\/07\/3-1024x622.jpg\" alt=\"\" class=\"wp-image-43\" srcset=\"https:\/\/www.incap.int\/blog\/INCapenses\/wp-content\/uploads\/2024\/07\/3-1024x622.jpg 1024w, https:\/\/www.incap.int\/blog\/INCapenses\/wp-content\/uploads\/2024\/07\/3-300x182.jpg 300w, https:\/\/www.incap.int\/blog\/INCapenses\/wp-content\/uploads\/2024\/07\/3-768x466.jpg 768w, https:\/\/www.incap.int\/blog\/INCapenses\/wp-content\/uploads\/2024\/07\/3-1536x932.jpg 1536w, https:\/\/www.incap.int\/blog\/INCapenses\/wp-content\/uploads\/2024\/07\/3.jpg 1771w\" sizes=\"auto, (max-width: 1024px) 100vw, 1024px\" \/><\/figure>\n\n\n\n<figure class=\"wp-block-image size-large\"><img loading=\"lazy\" decoding=\"async\" width=\"1024\" height=\"669\" data-id=\"40\" src=\"https:\/\/incap.int\/blog\/INCapenses\/wp-content\/uploads\/2024\/07\/6-1024x669-1.jpg\" alt=\"\" class=\"wp-image-40\" srcset=\"https:\/\/www.incap.int\/blog\/INCapenses\/wp-content\/uploads\/2024\/07\/6-1024x669-1.jpg 1024w, https:\/\/www.incap.int\/blog\/INCapenses\/wp-content\/uploads\/2024\/07\/6-1024x669-1-300x196.jpg 300w, https:\/\/www.incap.int\/blog\/INCapenses\/wp-content\/uploads\/2024\/07\/6-1024x669-1-768x502.jpg 768w\" sizes=\"auto, (max-width: 1024px) 100vw, 1024px\" \/><\/figure>\n\n\n\n<figure class=\"wp-block-image size-large\"><img loading=\"lazy\" decoding=\"async\" width=\"1024\" height=\"768\" data-id=\"44\" src=\"https:\/\/incap.int\/blog\/INCapenses\/wp-content\/uploads\/2024\/07\/Cooperacion-Tecnica-2015-1024x768.jpg\" alt=\"\" class=\"wp-image-44\" srcset=\"https:\/\/www.incap.int\/blog\/INCapenses\/wp-content\/uploads\/2024\/07\/Cooperacion-Tecnica-2015-1024x768.jpg 1024w, https:\/\/www.incap.int\/blog\/INCapenses\/wp-content\/uploads\/2024\/07\/Cooperacion-Tecnica-2015-300x225.jpg 300w, https:\/\/www.incap.int\/blog\/INCapenses\/wp-content\/uploads\/2024\/07\/Cooperacion-Tecnica-2015-768x576.jpg 768w, https:\/\/www.incap.int\/blog\/INCapenses\/wp-content\/uploads\/2024\/07\/Cooperacion-Tecnica-2015-1536x1152.jpg 1536w, https:\/\/www.incap.int\/blog\/INCapenses\/wp-content\/uploads\/2024\/07\/Cooperacion-Tecnica-2015-2048x1536.jpg 2048w\" sizes=\"auto, (max-width: 1024px) 100vw, 1024px\" \/><\/figure>\n\n\n\n<figure class=\"wp-block-image size-large\"><img loading=\"lazy\" decoding=\"async\" width=\"1024\" height=\"683\" data-id=\"42\" src=\"https:\/\/incap.int\/blog\/INCapenses\/wp-content\/uploads\/2024\/07\/HISTORICAS-P3-45-1024x683.jpg\" alt=\"\" class=\"wp-image-42\" srcset=\"https:\/\/www.incap.int\/blog\/INCapenses\/wp-content\/uploads\/2024\/07\/HISTORICAS-P3-45-1024x683.jpg 1024w, https:\/\/www.incap.int\/blog\/INCapenses\/wp-content\/uploads\/2024\/07\/HISTORICAS-P3-45-300x200.jpg 300w, https:\/\/www.incap.int\/blog\/INCapenses\/wp-content\/uploads\/2024\/07\/HISTORICAS-P3-45-768x512.jpg 768w, https:\/\/www.incap.int\/blog\/INCapenses\/wp-content\/uploads\/2024\/07\/HISTORICAS-P3-45-1536x1024.jpg 1536w, https:\/\/www.incap.int\/blog\/INCapenses\/wp-content\/uploads\/2024\/07\/HISTORICAS-P3-45-2048x1365.jpg 2048w\" sizes=\"auto, (max-width: 1024px) 100vw, 1024px\" \/><\/figure>\n<\/figure>\n\n\n\n<figure class=\"wp-block-gallery has-nested-images columns-default is-cropped wp-block-gallery-2 is-layout-flex wp-block-gallery-is-layout-flex\">\n<figure class=\"wp-block-image size-large\"><img loading=\"lazy\" decoding=\"async\" width=\"1024\" height=\"957\" data-id=\"87\" src=\"https:\/\/incap.int\/blog\/INCapenses\/wp-content\/uploads\/2024\/08\/0017-1024x957.jpg\" alt=\"\" class=\"wp-image-87\" srcset=\"https:\/\/www.incap.int\/blog\/INCapenses\/wp-content\/uploads\/2024\/08\/0017-1024x957.jpg 1024w, https:\/\/www.incap.int\/blog\/INCapenses\/wp-content\/uploads\/2024\/08\/0017-300x280.jpg 300w, https:\/\/www.incap.int\/blog\/INCapenses\/wp-content\/uploads\/2024\/08\/0017-768x718.jpg 768w, https:\/\/www.incap.int\/blog\/INCapenses\/wp-content\/uploads\/2024\/08\/0017.jpg 1471w\" sizes=\"auto, (max-width: 1024px) 100vw, 1024px\" \/><\/figure>\n\n\n\n<figure class=\"wp-block-image size-large\"><img loading=\"lazy\" decoding=\"async\" width=\"931\" height=\"775\" data-id=\"84\" src=\"https:\/\/incap.int\/blog\/INCapenses\/wp-content\/uploads\/2024\/08\/0024.jpg\" alt=\"\" class=\"wp-image-84\" srcset=\"https:\/\/www.incap.int\/blog\/INCapenses\/wp-content\/uploads\/2024\/08\/0024.jpg 931w, https:\/\/www.incap.int\/blog\/INCapenses\/wp-content\/uploads\/2024\/08\/0024-300x250.jpg 300w, https:\/\/www.incap.int\/blog\/INCapenses\/wp-content\/uploads\/2024\/08\/0024-768x639.jpg 768w\" sizes=\"auto, (max-width: 931px) 100vw, 931px\" \/><\/figure>\n\n\n\n<figure class=\"wp-block-image size-large\"><img loading=\"lazy\" decoding=\"async\" width=\"959\" height=\"1024\" data-id=\"88\" src=\"https:\/\/incap.int\/blog\/INCapenses\/wp-content\/uploads\/2024\/08\/0044-959x1024.jpg\" alt=\"\" class=\"wp-image-88\" srcset=\"https:\/\/www.incap.int\/blog\/INCapenses\/wp-content\/uploads\/2024\/08\/0044-959x1024.jpg 959w, https:\/\/www.incap.int\/blog\/INCapenses\/wp-content\/uploads\/2024\/08\/0044-281x300.jpg 281w, https:\/\/www.incap.int\/blog\/INCapenses\/wp-content\/uploads\/2024\/08\/0044-768x820.jpg 768w, https:\/\/www.incap.int\/blog\/INCapenses\/wp-content\/uploads\/2024\/08\/0044.jpg 1231w\" sizes=\"auto, (max-width: 959px) 100vw, 959px\" \/><\/figure>\n\n\n\n<figure class=\"wp-block-image size-large\"><img loading=\"lazy\" decoding=\"async\" width=\"1024\" height=\"806\" data-id=\"85\" src=\"https:\/\/incap.int\/blog\/INCapenses\/wp-content\/uploads\/2024\/08\/0049-1024x806.jpg\" alt=\"\" class=\"wp-image-85\" srcset=\"https:\/\/www.incap.int\/blog\/INCapenses\/wp-content\/uploads\/2024\/08\/0049-1024x806.jpg 1024w, https:\/\/www.incap.int\/blog\/INCapenses\/wp-content\/uploads\/2024\/08\/0049-300x236.jpg 300w, https:\/\/www.incap.int\/blog\/INCapenses\/wp-content\/uploads\/2024\/08\/0049-768x604.jpg 768w, https:\/\/www.incap.int\/blog\/INCapenses\/wp-content\/uploads\/2024\/08\/0049.jpg 1290w\" sizes=\"auto, (max-width: 1024px) 100vw, 1024px\" \/><\/figure>\n\n\n\n<figure class=\"wp-block-image size-large\"><img loading=\"lazy\" decoding=\"async\" width=\"1024\" height=\"472\" data-id=\"89\" src=\"https:\/\/incap.int\/blog\/INCapenses\/wp-content\/uploads\/2024\/08\/1405-COOPERACION-TECNICA-053-1024x472.jpg\" alt=\"\" class=\"wp-image-89\" srcset=\"https:\/\/www.incap.int\/blog\/INCapenses\/wp-content\/uploads\/2024\/08\/1405-COOPERACION-TECNICA-053-1024x472.jpg 1024w, https:\/\/www.incap.int\/blog\/INCapenses\/wp-content\/uploads\/2024\/08\/1405-COOPERACION-TECNICA-053-300x138.jpg 300w, https:\/\/www.incap.int\/blog\/INCapenses\/wp-content\/uploads\/2024\/08\/1405-COOPERACION-TECNICA-053-768x354.jpg 768w, https:\/\/www.incap.int\/blog\/INCapenses\/wp-content\/uploads\/2024\/08\/1405-COOPERACION-TECNICA-053-1536x708.jpg 1536w, https:\/\/www.incap.int\/blog\/INCapenses\/wp-content\/uploads\/2024\/08\/1405-COOPERACION-TECNICA-053-2048x944.jpg 2048w\" sizes=\"auto, (max-width: 1024px) 100vw, 1024px\" \/><\/figure>\n\n\n\n<figure class=\"wp-block-image size-large\"><img loading=\"lazy\" decoding=\"async\" width=\"1024\" height=\"683\" data-id=\"93\" src=\"https:\/\/incap.int\/blog\/INCapenses\/wp-content\/uploads\/2024\/08\/CAIS-MICRONUT-49-1024x683.jpg\" alt=\"\" class=\"wp-image-93\" srcset=\"https:\/\/www.incap.int\/blog\/INCapenses\/wp-content\/uploads\/2024\/08\/CAIS-MICRONUT-49-1024x683.jpg 1024w, https:\/\/www.incap.int\/blog\/INCapenses\/wp-content\/uploads\/2024\/08\/CAIS-MICRONUT-49-300x200.jpg 300w, https:\/\/www.incap.int\/blog\/INCapenses\/wp-content\/uploads\/2024\/08\/CAIS-MICRONUT-49-768x512.jpg 768w, https:\/\/www.incap.int\/blog\/INCapenses\/wp-content\/uploads\/2024\/08\/CAIS-MICRONUT-49-1536x1024.jpg 1536w, https:\/\/www.incap.int\/blog\/INCapenses\/wp-content\/uploads\/2024\/08\/CAIS-MICRONUT-49-2048x1365.jpg 2048w\" sizes=\"auto, (max-width: 1024px) 100vw, 1024px\" \/><\/figure>\n\n\n\n<figure class=\"wp-block-image size-large\"><img loading=\"lazy\" decoding=\"async\" width=\"631\" height=\"656\" data-id=\"86\" src=\"https:\/\/incap.int\/blog\/INCapenses\/wp-content\/uploads\/2024\/08\/CARRO-INCAPARINA.jpg\" alt=\"\" class=\"wp-image-86\" srcset=\"https:\/\/www.incap.int\/blog\/INCapenses\/wp-content\/uploads\/2024\/08\/CARRO-INCAPARINA.jpg 631w, https:\/\/www.incap.int\/blog\/INCapenses\/wp-content\/uploads\/2024\/08\/CARRO-INCAPARINA-289x300.jpg 289w\" sizes=\"auto, (max-width: 631px) 100vw, 631px\" \/><\/figure>\n\n\n\n<figure class=\"wp-block-image size-large\"><img loading=\"lazy\" decoding=\"async\" width=\"1024\" height=\"683\" data-id=\"91\" src=\"https:\/\/incap.int\/blog\/INCapenses\/wp-content\/uploads\/2024\/08\/COOPERACION-TECNICA-24-Y-25-OCT-247-1024x683.jpg\" alt=\"\" class=\"wp-image-91\" srcset=\"https:\/\/www.incap.int\/blog\/INCapenses\/wp-content\/uploads\/2024\/08\/COOPERACION-TECNICA-24-Y-25-OCT-247-1024x683.jpg 1024w, https:\/\/www.incap.int\/blog\/INCapenses\/wp-content\/uploads\/2024\/08\/COOPERACION-TECNICA-24-Y-25-OCT-247-300x200.jpg 300w, https:\/\/www.incap.int\/blog\/INCapenses\/wp-content\/uploads\/2024\/08\/COOPERACION-TECNICA-24-Y-25-OCT-247-768x512.jpg 768w, https:\/\/www.incap.int\/blog\/INCapenses\/wp-content\/uploads\/2024\/08\/COOPERACION-TECNICA-24-Y-25-OCT-247-1536x1024.jpg 1536w, https:\/\/www.incap.int\/blog\/INCapenses\/wp-content\/uploads\/2024\/08\/COOPERACION-TECNICA-24-Y-25-OCT-247-2048x1365.jpg 2048w\" sizes=\"auto, (max-width: 1024px) 100vw, 1024px\" \/><\/figure>\n\n\n\n<figure class=\"wp-block-image size-large\"><img loading=\"lazy\" decoding=\"async\" width=\"1024\" height=\"683\" data-id=\"92\" src=\"https:\/\/incap.int\/blog\/INCapenses\/wp-content\/uploads\/2024\/08\/FOTOS-RATAS-BIOTERIO-5-1024x683.jpg\" alt=\"\" class=\"wp-image-92\" srcset=\"https:\/\/www.incap.int\/blog\/INCapenses\/wp-content\/uploads\/2024\/08\/FOTOS-RATAS-BIOTERIO-5-1024x683.jpg 1024w, https:\/\/www.incap.int\/blog\/INCapenses\/wp-content\/uploads\/2024\/08\/FOTOS-RATAS-BIOTERIO-5-300x200.jpg 300w, https:\/\/www.incap.int\/blog\/INCapenses\/wp-content\/uploads\/2024\/08\/FOTOS-RATAS-BIOTERIO-5-768x512.jpg 768w, https:\/\/www.incap.int\/blog\/INCapenses\/wp-content\/uploads\/2024\/08\/FOTOS-RATAS-BIOTERIO-5-1536x1024.jpg 1536w, https:\/\/www.incap.int\/blog\/INCapenses\/wp-content\/uploads\/2024\/08\/FOTOS-RATAS-BIOTERIO-5-2048x1365.jpg 2048w\" sizes=\"auto, (max-width: 1024px) 100vw, 1024px\" \/><\/figure>\n<\/figure>\n\n\n\n<div class=\"wp-block-uagb-buttons uagb-buttons__outer-wrap uagb-btn__default-btn uagb-btn-tablet__default-btn uagb-btn-mobile__default-btn uagb-block-65f45e08\"><div class=\"uagb-buttons__wrap uagb-buttons-layout-wrap \">\n<div class=\"wp-block-uagb-buttons-child uagb-buttons__outer-wrap uagb-block-3c6d15b4 wp-block-button\"><div class=\"uagb-button__wrapper\"><a class=\"uagb-buttons-repeater wp-block-button__link\" aria-label=\"\" href=\"https:\/\/incap.int\/blog\/INCapenses\/index.php\/2024\/07\/10\/memorias\/\" rel=\"follow noopener\" target=\"_self\" role=\"button\"><div class=\"uagb-button__link\">Comparte tus Memorias<\/div><\/a><\/div><\/div>\n<\/div><\/div>\n\n\n\n<p><\/p>\n","protected":false},"excerpt":{"rendered":"<p>\u00a1Bienvenidos a la galer\u00eda de fotos conmemorativa del 75 aniversario de INCAP! Esta secci\u00f3n especial de nuestro blog est\u00e1 dedicada [&hellip;]<\/p>\n","protected":false},"author":1,"featured_media":0,"parent":0,"menu_order":0,"comment_status":"closed","ping_status":"closed","template":"","meta":{"_uag_custom_page_level_css":"","site-sidebar-layout":"default","site-content-layout":"","ast-site-content-layout":"","site-content-style":"default","site-sidebar-style":"default","ast-global-header-display":"","ast-banner-title-visibility":"","ast-main-header-display":"","ast-hfb-above-header-display":"","ast-hfb-below-header-display":"","ast-hfb-mobile-header-display":"","site-post-title":"","ast-breadcrumbs-content":"","ast-featured-img":"","footer-sml-layout":"","theme-transparent-header-meta":"","adv-header-id-meta":"","stick-header-meta":"","header-above-stick-meta":"","header-main-stick-meta":"","header-below-stick-meta":"","astra-migrate-meta-layouts":"default","ast-page-background-enabled":"default","ast-page-background-meta":{"desktop":{"background-color":"var(--ast-global-color-4)","background-image":"","background-repeat":"repeat","background-position":"center center","background-size":"auto","background-attachment":"scroll","background-type":"","background-media":"","overlay-type":"","overlay-color":"","overlay-opacity":"","overlay-gradient":""},"tablet":{"background-color":"","background-image":"","background-repeat":"repeat","background-position":"center center","background-size":"auto","background-attachment":"scroll","background-type":"","background-media":"","overlay-type":"","overlay-color":"","overlay-opacity":"","overlay-gradient":""},"mobile":{"background-color":"","background-image":"","background-repeat":"repeat","background-position":"center center","background-size":"auto","background-attachment":"scroll","background-type":"","background-media":"","overlay-type":"","overlay-color":"","overlay-opacity":"","overlay-gradient":""}},"ast-content-background-meta":{"desktop":{"background-color":"var(--ast-global-color-5)","background-image":"","background-repeat":"repeat","background-position":"center center","background-size":"auto","background-attachment":"scroll","background-type":"","background-media":"","overlay-type":"","overlay-color":"","overlay-opacity":"","overlay-gradient":""},"tablet":{"background-color":"var(--ast-global-color-5)","background-image":"","background-repeat":"repeat","background-position":"center center","background-size":"auto","background-attachment":"scroll","background-type":"","background-media":"","overlay-type":"","overlay-color":"","overlay-opacity":"","overlay-gradient":""},"mobile":{"background-color":"var(--ast-global-color-5)","background-image":"","background-repeat":"repeat","background-position":"center center","background-size":"auto","background-attachment":"scroll","background-type":"","background-media":"","overlay-type":"","overlay-color":"","overlay-opacity":"","overlay-gradient":""}},"footnotes":""},"class_list":["post-38","page","type-page","status-publish","hentry"],"uagb_featured_image_src":{"full":false,"thumbnail":false,"medium":false,"medium_large":false,"large":false,"1536x1536":false,"2048x2048":false},"uagb_author_info":{"display_name":"INCAP","author_link":"https:\/\/www.incap.int\/blog\/INCapenses\/index.php\/author\/gochoa\/"},"uagb_comment_info":0,"uagb_excerpt":"\u00a1Bienvenidos a la galer\u00eda de fotos conmemorativa del 75 aniversario de INCAP! Esta secci\u00f3n especial de nuestro blog est\u00e1 dedicada [&hellip;]","_links":{"self":[{"href":"https:\/\/www.incap.int\/blog\/INCapenses\/index.php\/wp-json\/wp\/v2\/pages\/38","targetHints":{"allow":["GET"]}}],"collection":[{"href":"https:\/\/www.incap.int\/blog\/INCapenses\/index.php\/wp-json\/wp\/v2\/pages"}],"about":[{"href":"https:\/\/www.incap.int\/blog\/INCapenses\/index.php\/wp-json\/wp\/v2\/types\/page"}],"author":[{"embeddable":true,"href":"https:\/\/www.incap.int\/blog\/INCapenses\/index.php\/wp-json\/wp\/v2\/users\/1"}],"replies":[{"embeddable":true,"href":"https:\/\/www.incap.int\/blog\/INCapenses\/index.php\/wp-json\/wp\/v2\/comments?post=38"}],"version-history":[{"count":7,"href":"https:\/\/www.incap.int\/blog\/INCapenses\/index.php\/wp-json\/wp\/v2\/pages\/38\/revisions"}],"predecessor-version":[{"id":117,"href":"https:\/\/www.incap.int\/blog\/INCapenses\/index.php\/wp-json\/wp\/v2\/pages\/38\/revisions\/117"}],"wp:attachment":[{"href":"https:\/\/www.incap.int\/blog\/INCapenses\/index.php\/wp-json\/wp\/v2\/media?parent=38"}],"curies":[{"name":"wp","href":"https:\/\/api.w.org\/{rel}","templated":true}]}}