{"id":176,"date":"2019-02-27T23:06:16","date_gmt":"2019-02-27T23:06:16","guid":{"rendered":"http:\/\/www.incap.int\/blog\/aroman\/?page_id=176"},"modified":"2019-03-15T23:05:03","modified_gmt":"2019-03-15T23:05:03","slug":"esquelas","status":"publish","type":"page","link":"https:\/\/www.incap.int\/blog\/aroman\/index.php\/esquelas\/","title":{"rendered":"ESQUELAS"},"content":{"rendered":"<p><a href=\"http:\/\/www.incap.int\/blog\/aroman\/wp-content\/uploads\/2019\/02\/Esquela-INCAP.pdf\">Esquela del Instituto de Nutrici\u00f3n de Centro Am\u00e9rica y Panam\u00e1 -INCAP-<\/a><\/p>\n<p><a href=\"http:\/\/www.incap.int\/blog\/aroman\/wp-content\/uploads\/2019\/02\/Esquela-Fancap.pdf\">Esquela de la Fundaci\u00f3n para la Alimentaci\u00f3n y Nutrici\u00f3n de Centroam\u00e9rica y Panam\u00e1 -Fancap-<\/a><\/p>\n<p><a href=\"http:\/\/www.incap.int\/blog\/aroman\/wp-content\/uploads\/2019\/02\/Esquela-Alimentos-SA.pdf\">Esquela Alimentos, S.A.<\/a><\/p>\n<p><a href=\"http:\/\/www.incap.int\/blog\/aroman\/wp-content\/uploads\/2019\/02\/Revoltillo.pdf\">Revoltillo, Managua, Nicaragua, 27 de febrero de 2019<\/a><\/p>\n<p><a href=\"http:\/\/www.incap.int\/blog\/aroman\/wp-content\/uploads\/2019\/02\/Asazgua.pdf\">Asazgua<\/a><\/p>\n<p><a href=\"http:\/\/www.incap.int\/blog\/aroman\/wp-content\/uploads\/2019\/02\/PROGRESAN-SICA.pdf\">PROGRESAN-SICA<\/a><\/p>\n<p><a href=\"http:\/\/www.incap.int\/blog\/aroman\/wp-content\/uploads\/2019\/02\/SE-COMISCA-SICA.pdf\">SE-COMISCA SICA<\/a><\/p>\n<p>&nbsp;<\/p>\n","protected":false},"excerpt":{"rendered":"<p>Esquela del Instituto de Nutrici\u00f3n de Centro Am\u00e9rica y Panam\u00e1 -INCAP- Esquela de la Fundaci\u00f3n para la Alimentaci\u00f3n y Nutrici\u00f3n de Centroam\u00e9rica y Panam\u00e1 -Fancap- Esquela Alimentos, S.A. Revoltillo, Managua, Nicaragua, 27 de febrero de 2019 Asazgua PROGRESAN-SICA SE-COMISCA SICA &nbsp;<\/p>\n","protected":false},"author":2,"featured_media":0,"parent":0,"menu_order":0,"comment_status":"closed","ping_status":"closed","template":"","meta":[],"_links":{"self":[{"href":"https:\/\/www.incap.int\/blog\/aroman\/index.php\/wp-json\/wp\/v2\/pages\/176"}],"collection":[{"href":"https:\/\/www.incap.int\/blog\/aroman\/index.php\/wp-json\/wp\/v2\/pages"}],"about":[{"href":"https:\/\/www.incap.int\/blog\/aroman\/index.php\/wp-json\/wp\/v2\/types\/page"}],"author":[{"embeddable":true,"href":"https:\/\/www.incap.int\/blog\/aroman\/index.php\/wp-json\/wp\/v2\/users\/2"}],"replies":[{"embeddable":true,"href":"https:\/\/www.incap.int\/blog\/aroman\/index.php\/wp-json\/wp\/v2\/comments?post=176"}],"version-history":[{"count":11,"href":"https:\/\/www.incap.int\/blog\/aroman\/index.php\/wp-json\/wp\/v2\/pages\/176\/revisions"}],"predecessor-version":[{"id":250,"href":"https:\/\/www.incap.int\/blog\/aroman\/index.php\/wp-json\/wp\/v2\/pages\/176\/revisions\/250"}],"wp:attachment":[{"href":"https:\/\/www.incap.int\/blog\/aroman\/index.php\/wp-json\/wp\/v2\/media?parent=176"}],"curies":[{"name":"wp","href":"https:\/\/api.w.org\/{rel}","templated":true}]}}