{"id":30,"date":"2019-02-23T19:00:12","date_gmt":"2019-02-23T19:00:12","guid":{"rendered":"http:\/\/www.incap.int\/blog\/aroman\/?page_id=30"},"modified":"2019-03-15T22:37:16","modified_gmt":"2019-03-15T22:37:16","slug":"breve-biografia","status":"publish","type":"page","link":"https:\/\/www.incap.int\/blog\/aroman\/index.php\/breve-biografia\/","title":{"rendered":"BREVE BIOGRAF\u00cdA"},"content":{"rendered":"<p><strong>Doctora Ana Victoria Rom\u00e1n Trigo<\/strong><\/p>\n<p>Doctora Ana Victoria Rom\u00e1n Trigo, de nacionalidad costarricense, se integr\u00f3 al equipo de profesionales del Instituto el 18 de enero de 2000, pasando por distintos cargos, desde investigadora hasta el m\u00e1s reciente como Coordinadora de la Unidad de Nutrici\u00f3n y Micronutrientes del Instituto.<\/p>\n<p>Licenciada en Microbiolog\u00eda y Qu\u00edmica por la Universidad de Costa Rica; m\u00e1ster en tecnolog\u00eda de\u00a0 Alimentos por el Instituto de Agroqu\u00edmica y Tecnolog\u00eda de Alimentos, Valencia, Espa\u00f1a y\u00a0 doctora en Ciencias de Alimentos y Nutrici\u00f3n por la Universidad de Londres, Gran Breta\u00f1a.<\/p>\n<p>Entreg\u00f3 su arduo trabajo de forma constante e incansable en bien de los Sistemas Alimentarios y Nutricionales integrales de la Regi\u00f3n, con dedicaci\u00f3n y entrega al compromiso con el Instituto, desde la investigaci\u00f3n, desarrollo de proyectos en sus m\u00faltiples facetas, incluyendo el logro de acuerdos y la movilizaci\u00f3n de recursos institucionales. Por su constante e incansable apoyo, entrega y dedicaci\u00f3n, se hizo acreedora del Premio del Director en el a\u00f1o 2008.<\/p>\n<p>Incansable en el trabajo, su\u00a0 gran coraz\u00f3n siempre dese\u00f3 que todos seamos sinceros y llenos de buena voluntad para nuestros semejantes; su coraz\u00f3n de madre adopt\u00f3 hasta los problemas de los dem\u00e1s, aunque nada tuvieran que ver con ella.<\/p>\n<p>Una mujer con gran sentido del humor que se re\u00eda hasta de los micronutrientes que se iba a comer y so\u00f1aba con ellos.<\/p>\n<p>En fin una gran persona, que anhel\u00f3 que el INCAP un d\u00eda llegue a contar con todos los recursos para que ayude a cambiar el mundo.<\/p>\n<p>Gracias Ana Victoria por tu gran calidad humana, tu profesionalismo, tus aportes y tu ejemplo de entrega a la causa de la nutrici\u00f3n.<\/p>\n<p><a href=\"http:\/\/www.incap.int\/blog\/aroman\/wp-content\/uploads\/2019\/03\/Nota-Resumen-logros-AVR-2019.pdf\">Logros, Actitudes y Valores de Ana Victoria<\/a><\/p>\n<p><a href=\"http:\/\/www.incap.int\/blog\/aroman\/wp-content\/uploads\/2019\/03\/Escrito-de-Dra-ARoman-en-despedida-de-funcionarios-2010.pdf\">Escrito de Ana Victoria en ocasi\u00f3n de despedida de Exfuncionarios en el INCAP, Guatemala, Guatemala, 2010<\/a><\/p>\n<p>DESCANSA EN PAZ, MISI\u00d3N CUMPLIDA<\/p>\n<p>&nbsp;<\/p>\n","protected":false},"excerpt":{"rendered":"<p>Doctora Ana Victoria Rom\u00e1n Trigo Doctora Ana Victoria Rom\u00e1n Trigo, de nacionalidad costarricense, se integr\u00f3 al equipo de profesionales del Instituto el 18 de enero de 2000, pasando por distintos cargos, desde investigadora hasta el m\u00e1s reciente como Coordinadora de la Unidad de Nutrici\u00f3n y Micronutrientes del Instituto. Licenciada en Microbiolog\u00eda y Qu\u00edmica por la &hellip; <a href=\"https:\/\/www.incap.int\/blog\/aroman\/index.php\/breve-biografia\/\" class=\"more-link\">Continuar leyendo<span class=\"screen-reader-text\"> \u00abBREVE BIOGRAF\u00cdA\u00bb<\/span><\/a><\/p>\n","protected":false},"author":1,"featured_media":0,"parent":0,"menu_order":0,"comment_status":"open","ping_status":"closed","template":"","meta":[],"_links":{"self":[{"href":"https:\/\/www.incap.int\/blog\/aroman\/index.php\/wp-json\/wp\/v2\/pages\/30"}],"collection":[{"href":"https:\/\/www.incap.int\/blog\/aroman\/index.php\/wp-json\/wp\/v2\/pages"}],"about":[{"href":"https:\/\/www.incap.int\/blog\/aroman\/index.php\/wp-json\/wp\/v2\/types\/page"}],"author":[{"embeddable":true,"href":"https:\/\/www.incap.int\/blog\/aroman\/index.php\/wp-json\/wp\/v2\/users\/1"}],"replies":[{"embeddable":true,"href":"https:\/\/www.incap.int\/blog\/aroman\/index.php\/wp-json\/wp\/v2\/comments?post=30"}],"version-history":[{"count":17,"href":"https:\/\/www.incap.int\/blog\/aroman\/index.php\/wp-json\/wp\/v2\/pages\/30\/revisions"}],"predecessor-version":[{"id":248,"href":"https:\/\/www.incap.int\/blog\/aroman\/index.php\/wp-json\/wp\/v2\/pages\/30\/revisions\/248"}],"wp:attachment":[{"href":"https:\/\/www.incap.int\/blog\/aroman\/index.php\/wp-json\/wp\/v2\/media?parent=30"}],"curies":[{"name":"wp","href":"https:\/\/api.w.org\/{rel}","templated":true}]}}