{"id":73,"date":"2017-03-28T21:29:20","date_gmt":"2017-03-28T21:29:20","guid":{"rendered":"http:\/\/www.incap.int\/blog\/lmata\/?page_id=73"},"modified":"2017-03-28T21:58:11","modified_gmt":"2017-03-28T21:58:11","slug":"mas-sobre-la-cronologia-de-una-vida-profesional-con-impacto-para-el-mundo-escrita-por-el-mismo-dr-mata","status":"publish","type":"page","link":"https:\/\/www.incap.int\/blog\/lmata\/index.php\/mas-sobre-la-cronologia-de-una-vida-profesional-con-impacto-para-el-mundo-escrita-por-el-mismo-dr-mata\/","title":{"rendered":"M\u00e1s sobre la cronolog\u00eda de una vida profesional con impacto para el mundo (escrita por el mismo Dr. Mata)"},"content":{"rendered":"<p><strong>3. Tercera Visita al INCAP, 1962-1974. Nombrado como Jefe de la Secci\u00f3n de\u00a0<\/strong><strong>Microbiolog\u00eda, en la Divisi\u00f3n de Patolog\u00eda Cl\u00ednica<\/strong>, me encargu\u00e9 de evaluar, ampliar y mejorar los laboratorios, ampliar las facilidades cl\u00ednicas en Santa Mar\u00eda Cauqu\u00e9 para poder conducir el Estudio, y crear nuevos laboratorios, un aula para la ense\u00f1anza, un bioterio y otras facilidades. Pronto fui nombrado como Jefe de Divisi\u00f3n de la nueva Divisi\u00f3n de Biolog\u00eda Ambiental, en 1964, hasta mi partida del INCAP a finales de 1974. Mi paso por el INCAP fue una experiencia muy fruct\u00edfera para mi, de fecundaci\u00f3n de ideas, cristalizaci\u00f3n de proyectos, de visita a numerosos pa\u00edses, instituciones y vivencias, de participaci\u00f3n en numerosos eventos cient\u00edficos y de publicaci\u00f3n de numeras publicaciones cient\u00edficas en los campos de la nutrici\u00f3n, salud y crecimiento humanos, infecciones y enfermedades infecciosas y microbiolog\u00eda e inmunolog\u00eda m\u00e9dicas. Adem\u00e1s, pude iniciar varios cursos de microbiolog\u00eda orientados a la nutrici\u00f3n humana, y tuve la suerte de comunicarme en el aula con grupos de alumnas (y unos pocos alumnos) de la Am\u00e9rica Latina y en especial de Am\u00e9rica Central<\/p>\n<p>Considero la cristalizaci\u00f3n del Estudio en Cauqu\u00e9 (\u201cLos Ni\u00f1os de Santa Mar\u00eda Cauqu\u00e9: Un Estudio Prospectivo de Campo sobre Salud y Crecimiento\u201d) como nuestro mayor logro cient\u00edfico, acad\u00e9mico y humano, posible solo en un h\u00e1bitat con las facilidades, inspiraci\u00f3n y m\u00edstica del INCAP. En \u00e9l y en esa Guatemala cont\u00e9 con el apoyo y comprensi\u00f3n incondicional de un selecto grupo de profesionales y trabajadores de campo de gran val\u00eda, entre ellos, Juan Jos\u00e9 Urrutia, Bertita Garc\u00eda, Olga Marina Rom\u00e1n, Palmira Dard\u00f3n, Gustavo Linares; de expertos en laboratorio como Ra\u00fal Fern\u00e1ndez, Armando C\u00e1ceres, Olegario Pellecer, Elba Villatoro, Roberto Rosales, Luis V\u00e1squez,\u00a0 Roberto Rosales, Adelaida Comparini; de t\u00e9cnicos en el manejo de datos como Eduardo Arellano, Constantino Albertazzi; de la colaboraci\u00f3n de todos los habitantes de Santa Mar\u00eda, en especial las obst\u00e9tricas Juana Cutz\u00e1n y Candelaria Valle; y del personal administrativo del INCAP, en particular nuestras secretarias, entre ellas Patricia Sol\u00e9, Marion Landsberger y Christa Haeussler. Finalmente, el estimulo de los colegas del INCAP fue fundamental, pioneros del INCAP como Mois\u00e9s B\u00e9har, Guillermo Arroyave, Ricardo Bressani, Miguel Guzm\u00e1n y otros.<\/p>\n<p>A continuaci\u00f3n, hago un resumen de los hechos cient\u00edficos m\u00e1s destacados, y adjunto una lista de publicaciones sin\u00f3pticas logradas en mis a\u00f1os en el\u00a0INCAP.<\/p>\n<p><a href=\"http:\/\/www.incap.int\/blog\/lmata\/index.php\/estudios-logros-contribuciones-y-publicaciones\/\">Estudios, logros, contribuciones y publicaciones<\/a><\/p>\n","protected":false},"excerpt":{"rendered":"<p>3. Tercera Visita al INCAP, 1962-1974. Nombrado como Jefe de la Secci\u00f3n de\u00a0Microbiolog\u00eda, en la Divisi\u00f3n de Patolog\u00eda Cl\u00ednica, me encargu\u00e9 de evaluar, ampliar y mejorar los laboratorios, ampliar las facilidades cl\u00ednicas en Santa Mar\u00eda Cauqu\u00e9 para poder conducir el Estudio, y crear nuevos laboratorios, un aula para la ense\u00f1anza, un bioterio y otras facilidades. &hellip; <a href=\"https:\/\/www.incap.int\/blog\/lmata\/index.php\/mas-sobre-la-cronologia-de-una-vida-profesional-con-impacto-para-el-mundo-escrita-por-el-mismo-dr-mata\/\" class=\"more-link\">Continuar leyendo<span class=\"screen-reader-text\"> \u00abM\u00e1s sobre la cronolog\u00eda de una vida profesional con impacto para el mundo (escrita por el mismo Dr. Mata)\u00bb<\/span><\/a><\/p>\n","protected":false},"author":1,"featured_media":0,"parent":0,"menu_order":0,"comment_status":"closed","ping_status":"closed","template":"","meta":[],"_links":{"self":[{"href":"https:\/\/www.incap.int\/blog\/lmata\/index.php\/wp-json\/wp\/v2\/pages\/73"}],"collection":[{"href":"https:\/\/www.incap.int\/blog\/lmata\/index.php\/wp-json\/wp\/v2\/pages"}],"about":[{"href":"https:\/\/www.incap.int\/blog\/lmata\/index.php\/wp-json\/wp\/v2\/types\/page"}],"author":[{"embeddable":true,"href":"https:\/\/www.incap.int\/blog\/lmata\/index.php\/wp-json\/wp\/v2\/users\/1"}],"replies":[{"embeddable":true,"href":"https:\/\/www.incap.int\/blog\/lmata\/index.php\/wp-json\/wp\/v2\/comments?post=73"}],"version-history":[{"count":4,"href":"https:\/\/www.incap.int\/blog\/lmata\/index.php\/wp-json\/wp\/v2\/pages\/73\/revisions"}],"predecessor-version":[{"id":83,"href":"https:\/\/www.incap.int\/blog\/lmata\/index.php\/wp-json\/wp\/v2\/pages\/73\/revisions\/83"}],"wp:attachment":[{"href":"https:\/\/www.incap.int\/blog\/lmata\/index.php\/wp-json\/wp\/v2\/media?parent=73"}],"curies":[{"name":"wp","href":"https:\/\/api.w.org\/{rel}","templated":true}]}}