{"id":79,"date":"2017-03-28T21:37:26","date_gmt":"2017-03-28T21:37:26","guid":{"rendered":"http:\/\/www.incap.int\/blog\/lmata\/?page_id=79"},"modified":"2017-03-28T22:00:56","modified_gmt":"2017-03-28T22:00:56","slug":"estudios-logros-contribuciones-y-publicaciones","status":"publish","type":"page","link":"https:\/\/www.incap.int\/blog\/lmata\/index.php\/estudios-logros-contribuciones-y-publicaciones\/","title":{"rendered":"Estudios, logros, contribuciones y publicaciones"},"content":{"rendered":"<p><strong>Educaci\u00f3n<\/strong>:<\/p>\n<p>&#8211; Licenciado en Microbiolog\u00eda, 1957, Universidad de Costa Rica (UCR), con una tesis de grado con datos obtenidos durante mi estad\u00eda en el INCAP, Guatemala<\/p>\n<p>&#8211; Magister en Ciencia (Higiene) 1961, Escuela de Salud P\u00fablica de Harvard(HSPH)<\/p>\n<p>&#8211; Doctor en Ciencia (Salud P\u00fablica Tropical) 1962, HSPH<\/p>\n<p><strong>Campos de experiencia en investigaci\u00f3n:<\/strong><\/p>\n<p>Microbiolog\u00eda m\u00e9dica (in orden cronol\u00f3gico de experiencia: micolog\u00eda m\u00e9dica,\u00a0bacteriolog\u00eda m\u00e9dica, cultivos celulares, virolog\u00eda m\u00e9dica, bacteriolog\u00eda de\u00a0anaerobios, nutrici\u00f3n cl\u00ednica, auxolog\u00eda, salud p\u00fablica, epidemiolog\u00eda de campo,\u00a0patolog\u00eda social.<strong>\u00a0\u00a0\u00a0\u00a0\u00a0\u00a0\u00a0<\/strong><\/p>\n<p><strong>Algunos nombramientos acad\u00e9micos \u00a0(<\/strong>en relaci\u00f3n con el INCAP<strong>):<\/strong><\/p>\n<p>1964 Jefe de Divisi\u00f3n, INCAP, 1964<\/p>\n<p>1966-73 Profesor microbiolog\u00eda para nutricionistas, Universidad San Carlos \u2013 INCAP<\/p>\n<p>1965-60 Profesor extraordinario de virolog\u00eda, USC, Guatemala, Farmacia<\/p>\n<p>1972 Profesor Visitante, Escuela de Medicina, San Salvador<\/p>\n<p>1974-81\u00a0\u00a0 Profesor Visitante, Epidemiolog\u00eda, SPHCM, Seattle, WA<\/p>\n<p>1975-87\u00a0\u00a0 Conferencista Visitante en Salud P\u00fablica Tropical, Boston, MA<\/p>\n<p><strong>Reconocimiento otorgado por INCAP<\/strong><\/p>\n<p>2005 <strong>\u201cINCAPENSE ILUSTRE\u201d<\/strong><\/p>\n<p><strong>Premios Mundiales<\/strong>: (en relaci\u00f3n con mi trabajo en Guatemala)<\/p>\n<p>1981 \u201c<strong>PRECIO DE CIENCIA UNESCO-1980&#8243;<\/strong>, Paris (Primera vez concedido a\u00a0una persona de un pa\u00eds en desarrollo.<\/p>\n<ul>\n<li><strong>\u00abSEGUNDO PREMIO STUART MUDD EN MICROBIOLOG\u00cdA\u00bb<\/strong>,<\/li>\n<\/ul>\n<p>Academia Mundial de Artes y Ciencia, Boston (Primera vez concedido a\u00a0una persona de un pa\u00eds en desarrollo).<\/p>\n<p><strong>Otros Honores\u00a0<\/strong>(en relaci\u00f3n con mi trabajo en Guatemala)<\/p>\n<p>1974 \u201c<strong>Diploma Honor al M\u00e9rito\u201d<\/strong>, otorgado por la Academia Guatemalteca de\u00a0Pediatr\u00eda, Guatemala.<\/p>\n<p>1971 \u201c<strong>Miembro honorario<\/strong>\u201d Colegio de M\u00e9dicos y Cirujanos de Nicaragua<\/p>\n<p>1969 \u201c<strong>Profesor Visitante\u201d en Nutrici\u00f3n-Infecci\u00f3n, <\/strong>Escuela de Medicina de\u00a0El Salvador<\/p>\n<p><strong>Otros eventos en Guatemala<\/strong><\/p>\n<p><strong>Canalizaci\u00f3n de la Asociaci\u00f3n Guatemalteca de Microbiolog\u00eda (AGM)<\/strong><\/p>\n<p>(Primer Presidente de la AGM)<strong>\u00a0 \u00a0 \u00a0 \u00a0<\/strong><\/p>\n<p><strong>Principales Contribuciones Cient\u00edficas (1962-1974):<\/strong><\/p>\n<p>1964-1974 (Guatemala). <strong>Primer estudio interdisciplinario de nutrici\u00f3n, infecci\u00f3n y crecimiento de ni\u00f1os rurales,<\/strong>\u00abEstudio Cauqu\u00e9\u00bb.<\/p>\n<p>1964-1972 (Guatemala). Junto con el Dr. Juan Jos\u00e9 Urrutia<strong>, describe el desarrollo de la flora aut\u00f3ctona del colon del reci\u00e9n nacido al seno materno, un estudio longitudinal y \u00fanico, en Santa Mar\u00eda Cauqu\u00e9.<\/strong><\/p>\n<p>1969-71 (Guatemala). Junto con el Dr. Ra\u00fal Fern\u00e1ndez, Armando C\u00e1ceres, Mar\u00eda Laura Mejicanos y Eugene Gangarosa, <strong>dilucida la etiolog\u00eda y epidemiolog\u00eda de la Disenter\u00eda Shiga en <\/strong>Guatemala.<\/p>\n<p>1965-93 (Guatemala). <strong>Propone dos paradigmas<\/strong>: (a) \u00abla desnutrici\u00f3n cr\u00f3nica en poblaciones muy pobres es una consecuencia primaria de las infecciones recurrentes, m\u00e1s que de la falta de alimentos en las comunidades\u00bb; (b) \u00abel control y prevenci\u00f3n de la infecci\u00f3n promueve una buena nutrici\u00f3n, m\u00e1s que la mejora en la dieta local\u00bb<strong>\u00a0.<\/strong><\/p>\n<p>1964-74 (Guatemala). <strong>Estudios de la etiolog\u00eda e historia natural de la diarrea por rotavirus (virus que ser\u00edan descritos a\u00f1os despu\u00e9s, pero probado retrospectivamente en muestras de los ni\u00f1os de Cauqu\u00e9, con Alberto Simhon), <\/strong>y tambi\u00e9n de las especies de <em>Shiguela<\/em>, de <em>Escherichia coli<\/em> y de <em>Giar<\/em>\u00ad<em>dia<\/em>, otros agentes de la diarrea, con la colaboraci\u00f3n de Ra\u00fal Fern\u00e1ndez, Arman\u00addo C\u00e1ceres y otras personas de laboratorio.<\/p>\n<p>1965-74 (Guatemala). Demostraci\u00f3n \u2013 en colaboraci\u00f3n con los Drs. Juan Urrutia y\u00a0Carlos Beteta \u2013 de una fuerte asociaci\u00f3n entre el bajo peso al nacer y la\u00a0mortalidad infantil, ocurrida en m\u00e1s del 70% de las veces.<\/p>\n<p>1966-70 (seis pa\u00edses de Am\u00e9rica Central). <strong>Construcci\u00f3n de un banco de sueros\u00a0<\/strong><strong>sangu\u00edneos representativo de la regi\u00f3n centroamericana, para el estudio de\u00a0<\/strong><strong>anticuerpos a agentes infecciosos<\/strong>, en colaboraci\u00f3n con el INCAP y la MARU,\u00a0Panam\u00e1.<\/p>\n<p>1966-70 (seis pa\u00edses de Am\u00e9rica Central). <strong>Encuesta centroamericana de helmintos\u00a0<\/strong><strong>y otros par\u00e1sitos intestinales, en colaboraci\u00f3n con el INCAP y la MARU.<\/strong><\/p>\n<p>1965-1974 (Guatemala): Primeras observaciones \u2013 en colaboraci\u00f3n con los Drs. Juan Jos\u00e9 Urrutia y Carlos Beteta) de la <strong>significaci\u00f3n del calostro y leche humanos en la prevenci\u00f3n de las infecciones virales, bacterianas y parasitarias en ni\u00f1os pobres.<\/strong><\/p>\n<p>1965-1974. (Guatemala): Junto con Juan Urrutia, Bertita Garc\u00eda y otros, <strong>reconocimiento de la importancia de la interacci\u00f3n piel-piel entre la madre y el ni\u00f1o: inducci\u00f3n de la lactancia materna.<\/strong><\/p>\n<p>1972-1976 (Guatemala). <strong>Primer estudio longitudinal del posible efecto de la\u00a0<\/strong><strong>fortificaci\u00f3n del ma\u00edz (tortillas) con un suplemente de harina de soya adicionado de lisina, vitaminas y hierro, en Santa Mar\u00eda Cauqu\u00e9<\/strong>. El estudio fue continuado por el Dr. Juan Jos\u00e9 Urrutia, pediatra, la Srta. Bertita Garc\u00eda, nutricionista y colaboradores de Cauqu\u00e9.<\/p>\n<p><strong>Publicaciones Cient\u00edficas:<\/strong><\/p>\n<p><strong>\u00a0<\/strong><strong>De 12 a\u00f1os de asociaci\u00f3n con el INCAP emanaron m\u00e1s de 150 publicaciones en libros, monograf\u00edas, y revistas cient\u00edficas en castellano e ingl\u00e9s.<\/strong><\/p>\n","protected":false},"excerpt":{"rendered":"<p>Educaci\u00f3n: &#8211; Licenciado en Microbiolog\u00eda, 1957, Universidad de Costa Rica (UCR), con una tesis de grado con datos obtenidos durante mi estad\u00eda en el INCAP, Guatemala &#8211; Magister en Ciencia (Higiene) 1961, Escuela de Salud P\u00fablica de Harvard(HSPH) &#8211; Doctor en Ciencia (Salud P\u00fablica Tropical) 1962, HSPH Campos de experiencia en investigaci\u00f3n: Microbiolog\u00eda m\u00e9dica (in &hellip; <a href=\"https:\/\/www.incap.int\/blog\/lmata\/index.php\/estudios-logros-contribuciones-y-publicaciones\/\" class=\"more-link\">Continuar leyendo<span class=\"screen-reader-text\"> \u00abEstudios, logros, contribuciones y publicaciones\u00bb<\/span><\/a><\/p>\n","protected":false},"author":1,"featured_media":0,"parent":0,"menu_order":0,"comment_status":"closed","ping_status":"closed","template":"","meta":[],"_links":{"self":[{"href":"https:\/\/www.incap.int\/blog\/lmata\/index.php\/wp-json\/wp\/v2\/pages\/79"}],"collection":[{"href":"https:\/\/www.incap.int\/blog\/lmata\/index.php\/wp-json\/wp\/v2\/pages"}],"about":[{"href":"https:\/\/www.incap.int\/blog\/lmata\/index.php\/wp-json\/wp\/v2\/types\/page"}],"author":[{"embeddable":true,"href":"https:\/\/www.incap.int\/blog\/lmata\/index.php\/wp-json\/wp\/v2\/users\/1"}],"replies":[{"embeddable":true,"href":"https:\/\/www.incap.int\/blog\/lmata\/index.php\/wp-json\/wp\/v2\/comments?post=79"}],"version-history":[{"count":4,"href":"https:\/\/www.incap.int\/blog\/lmata\/index.php\/wp-json\/wp\/v2\/pages\/79\/revisions"}],"predecessor-version":[{"id":85,"href":"https:\/\/www.incap.int\/blog\/lmata\/index.php\/wp-json\/wp\/v2\/pages\/79\/revisions\/85"}],"wp:attachment":[{"href":"https:\/\/www.incap.int\/blog\/lmata\/index.php\/wp-json\/wp\/v2\/media?parent=79"}],"curies":[{"name":"wp","href":"https:\/\/api.w.org\/{rel}","templated":true}]}}