{"id":176,"date":"2019-02-27T23:06:16","date_gmt":"2019-02-27T23:06:16","guid":{"rendered":"http:\/\/www.incap.int\/blog\/pmelgar\/?page_id=176"},"modified":"2020-09-18T18:50:42","modified_gmt":"2020-09-18T18:50:42","slug":"esquelas","status":"publish","type":"page","link":"https:\/\/www.incap.int\/blog\/pmelgar\/index.php\/esquelas\/","title":{"rendered":"ESQUELAS"},"content":{"rendered":"<p><a href=\"http:\/\/www.incap.int\/blog\/pmelgar\/wp-content\/uploads\/2020\/09\/Esquela-INCAP-PMelgar.png\">Esquela del Instituto de Nutrici\u00f3n de Centro Am\u00e9rica y Panam\u00e1 -INCAP-<\/a><\/p>\n","protected":false},"excerpt":{"rendered":"<p>Esquela del Instituto de Nutrici\u00f3n de Centro Am\u00e9rica y Panam\u00e1 -INCAP-<\/p>\n","protected":false},"author":2,"featured_media":0,"parent":0,"menu_order":0,"comment_status":"closed","ping_status":"closed","template":"","meta":[],"_links":{"self":[{"href":"https:\/\/www.incap.int\/blog\/pmelgar\/index.php\/wp-json\/wp\/v2\/pages\/176"}],"collection":[{"href":"https:\/\/www.incap.int\/blog\/pmelgar\/index.php\/wp-json\/wp\/v2\/pages"}],"about":[{"href":"https:\/\/www.incap.int\/blog\/pmelgar\/index.php\/wp-json\/wp\/v2\/types\/page"}],"author":[{"embeddable":true,"href":"https:\/\/www.incap.int\/blog\/pmelgar\/index.php\/wp-json\/wp\/v2\/users\/2"}],"replies":[{"embeddable":true,"href":"https:\/\/www.incap.int\/blog\/pmelgar\/index.php\/wp-json\/wp\/v2\/comments?post=176"}],"version-history":[{"count":12,"href":"https:\/\/www.incap.int\/blog\/pmelgar\/index.php\/wp-json\/wp\/v2\/pages\/176\/revisions"}],"predecessor-version":[{"id":274,"href":"https:\/\/www.incap.int\/blog\/pmelgar\/index.php\/wp-json\/wp\/v2\/pages\/176\/revisions\/274"}],"wp:attachment":[{"href":"https:\/\/www.incap.int\/blog\/pmelgar\/index.php\/wp-json\/wp\/v2\/media?parent=176"}],"curies":[{"name":"wp","href":"https:\/\/api.w.org\/{rel}","templated":true}]}}