{"id":30,"date":"2019-02-23T19:00:12","date_gmt":"2019-02-23T19:00:12","guid":{"rendered":"http:\/\/www.incap.int\/blog\/pmelgar\/?page_id=30"},"modified":"2020-09-18T18:47:29","modified_gmt":"2020-09-18T18:47:29","slug":"breve-biografia","status":"publish","type":"page","link":"https:\/\/www.incap.int\/blog\/pmelgar\/index.php\/breve-biografia\/","title":{"rendered":"BREVE BIOGRAF\u00cdA"},"content":{"rendered":"<p><strong>Doctor Paul Melgar<\/strong><\/p>\n<p>M\u00e9dico y Cirujano, Universidad de San Carlos de Guatemala, Postgrado en Pediatr\u00eda, Instituto Guatemalteco de Seguridad Social, Maestr\u00eda en Alimentaci\u00f3n y \u00a0Nutrici\u00f3n, del Centro de Estudios Superiores en Nutrici\u00f3n y Alimentaci\u00f3n CESNA INCAP\/USAC.<\/p>\n<p>Despu\u00e9s de realizar su tesis de maestr\u00eda con el tema:\u00a0 Indicadores de Bajo Peso al Nacer bajo la asesor\u00eda del Dr Hernan Delgado, El Dr. Melgar asume funciones laborales prestando sus servicios Profesionales como Coordinador del Componente Bio Medico en el estudio sobre longitudinal sobre Desnutrici\u00f3n Temprana y Adolescencia en el Oriente de Guatemala.<\/p>\n<p>En septiembre de 1990 hasta 1999 obtiene su nombramiento como Profesional 2 para trabajar en la Divisi\u00f3n de Nutrici\u00f3n y Salud como Director de Campo para los estudios que han investigado la relaci\u00f3n entre las intervenciones en la nutrici\u00f3n temprana y los beneficios obtenidos de estas intervenciones a mediano y largo plazo.<\/p>\n<p>En el a\u00f1o 2000 durante un receso de actividades del Proyecto del Oriente presta sus servicios como Consultor en el \u00c1rea de Monitoreo y Evaluaci\u00f3n del Programa de Mejoramiento de los Servicios de Salud del Sistema de Atenci\u00f3n Integral a la Salud (SIAS) del Ministerio de Salud.<\/p>\n<p>En el a\u00f1o 2001 se reincorpora al Instituto para ejecutar las funciones de Director de Proyecto para el estudio Nutrici\u00f3n Temprana, Capital Humano y Productividad Econ\u00f3mica, trabajando en conjunto con profesionales de la Universidad de Emory, Atlanta, Instituto Internacional de Investigaci\u00f3n en Pol\u00edticas Alimentarias IFPRI y la Universidad de Pennsylvania.<\/p>\n<p>Despu\u00e9s de concluir las actividades del anterior proyecto en 2005 se abre una nueva fase colaborativa con las instituciones antes mencionadas y asume las funciones de Investigador Principal y Coordinador General del Proyecto Nutrici\u00f3n y Transferencias Familiares en el Oriente de Guatemala puesto que ocupa hasta la hasta la fecha con mucha dedicaci\u00f3n y responsabilidad.<\/p>\n<p>Durante su estancia en el Instituto ha participado en actividades docentes coordinando cursos de Epidemiolog\u00eda, Evaluaci\u00f3n Nutricional, Antropometr\u00eda en varias Universidades de Guatemala,\u00a0 Salvador, Honduras,\u00a0 Nicaragua y M\u00e9xico.<\/p>\n<p>Tambi\u00e9n ha participado en asesor\u00eda t\u00e9cnica para \u00a0encuestas nacionales de salud y nutrici\u00f3n.<\/p>\n<p>DESCANSE EN PAZ, MISI\u00d3N CUMPLIDA<\/p>\n","protected":false},"excerpt":{"rendered":"<p>Doctor Paul Melgar M\u00e9dico y Cirujano, Universidad de San Carlos de Guatemala, Postgrado en Pediatr\u00eda, Instituto Guatemalteco de Seguridad Social, Maestr\u00eda en Alimentaci\u00f3n y \u00a0Nutrici\u00f3n, del Centro de Estudios Superiores en Nutrici\u00f3n y Alimentaci\u00f3n CESNA INCAP\/USAC. Despu\u00e9s de realizar su tesis de maestr\u00eda con el tema:\u00a0 Indicadores de Bajo Peso al Nacer bajo la asesor\u00eda &hellip; <a href=\"https:\/\/www.incap.int\/blog\/pmelgar\/index.php\/breve-biografia\/\" class=\"more-link\">Continuar leyendo<span class=\"screen-reader-text\"> \u00abBREVE BIOGRAF\u00cdA\u00bb<\/span><\/a><\/p>\n","protected":false},"author":1,"featured_media":0,"parent":0,"menu_order":0,"comment_status":"open","ping_status":"closed","template":"","meta":[],"_links":{"self":[{"href":"https:\/\/www.incap.int\/blog\/pmelgar\/index.php\/wp-json\/wp\/v2\/pages\/30"}],"collection":[{"href":"https:\/\/www.incap.int\/blog\/pmelgar\/index.php\/wp-json\/wp\/v2\/pages"}],"about":[{"href":"https:\/\/www.incap.int\/blog\/pmelgar\/index.php\/wp-json\/wp\/v2\/types\/page"}],"author":[{"embeddable":true,"href":"https:\/\/www.incap.int\/blog\/pmelgar\/index.php\/wp-json\/wp\/v2\/users\/1"}],"replies":[{"embeddable":true,"href":"https:\/\/www.incap.int\/blog\/pmelgar\/index.php\/wp-json\/wp\/v2\/comments?post=30"}],"version-history":[{"count":18,"href":"https:\/\/www.incap.int\/blog\/pmelgar\/index.php\/wp-json\/wp\/v2\/pages\/30\/revisions"}],"predecessor-version":[{"id":270,"href":"https:\/\/www.incap.int\/blog\/pmelgar\/index.php\/wp-json\/wp\/v2\/pages\/30\/revisions\/270"}],"wp:attachment":[{"href":"https:\/\/www.incap.int\/blog\/pmelgar\/index.php\/wp-json\/wp\/v2\/media?parent=30"}],"curies":[{"name":"wp","href":"https:\/\/api.w.org\/{rel}","templated":true}]}}