{"id":36,"date":"2015-12-10T16:31:37","date_gmt":"2015-12-10T16:31:37","guid":{"rendered":"https:\/\/themegavias.com\/wp\/enzio\/?page_id=36"},"modified":"2025-08-13T23:36:22","modified_gmt":"2025-08-13T21:36:22","slug":"home","status":"publish","type":"page","link":"https:\/\/www.incap.int\/ciipec\/","title":{"rendered":"Inicio"},"content":{"rendered":"<div class=\"wpb-content-wrapper\"><p>[vc_row fullwidth=&#8221;0&#8243; row_space=&#8221;remove_padding&#8221; isfullwidth=&#8221;0&#8243;][vc_column]\n\t\t\t\t<p class=\"rs-p-wp-fix\"><\/p>\n\t\t\t\t<sr7-module data-alias=\"slider-1\" data-id=\"1\" id=\"SR7_1_1\" class=\"rs-ov-hidden\" data-version=\"6.7.32\">\n\t\t\t\t\t<sr7-adjuster><\/sr7-adjuster>\n\t\t\t\t\t<sr7-content>\n\t\t\t\t\t\t<sr7-slide id=\"SR7_1_1-1\" data-key=\"1\">\n\t\t\t\t\t\t\t<sr7-bg id=\"SR7_1_1-1-1\" class=\"sr7-layer\"><noscript><img decoding=\"async\" src=\"https:\/\/www.incap.int\/ciipec\/wp-content\/uploads\/2025\/11\/cg1.jpg\" alt=\"\" title=\"cg1\"><\/noscript><\/sr7-bg>\n\t\t\t\t\t\t<\/sr7-slide>\n\t\t\t\t\t\t<sr7-slide id=\"SR7_1_1-6\" data-key=\"6\">\n\t\t\t\t\t\t\t<sr7-bg id=\"SR7_1_1-6-1\" class=\"sr7-layer\"><noscript><img decoding=\"async\" src=\"https:\/\/www.incap.int\/ciipec\/wp-content\/uploads\/2025\/11\/cg2.jpg\" alt=\"\" title=\"cg2\"><\/noscript><\/sr7-bg>\n\t\t\t\t\t\t<\/sr7-slide>\n\t\t\t\t\t\t<sr7-slide id=\"SR7_1_1-7\" data-key=\"7\">\n\t\t\t\t\t\t\t<sr7-bg id=\"SR7_1_1-7-1\" class=\"sr7-layer\"><noscript><img decoding=\"async\" src=\"https:\/\/www.incap.int\/ciipec\/wp-content\/uploads\/2025\/11\/cg5.jpg\" alt=\"\" title=\"cg5\"><\/noscript><\/sr7-bg>\n\t\t\t\t\t\t<\/sr7-slide>\n\t\t\t\t\t\t<sr7-slide id=\"SR7_1_1-8\" data-key=\"8\">\n\t\t\t\t\t\t\t<sr7-bg id=\"SR7_1_1-8-1\" class=\"sr7-layer\"><noscript><img decoding=\"async\" src=\"https:\/\/www.incap.int\/ciipec\/wp-content\/uploads\/2025\/11\/cg4.jpg\" alt=\"\" title=\"cg4\"><\/noscript><\/sr7-bg>\n\t\t\t\t\t\t<\/sr7-slide>\n\t\t\t\t\t\t<sr7-slide id=\"SR7_1_1-9\" data-key=\"9\">\n\t\t\t\t\t\t\t<sr7-bg id=\"SR7_1_1-9-1\" class=\"sr7-layer\"><noscript><img decoding=\"async\" src=\"https:\/\/www.incap.int\/ciipec\/wp-content\/uploads\/2025\/11\/cg3.jpg\" alt=\"\" title=\"cg3\"><\/noscript><\/sr7-bg>\n\t\t\t\t\t\t<\/sr7-slide>\n\t\t\t\t\t\t<sr7-slide id=\"SR7_1_1-5\" data-key=\"5\">\n\t\t\t\t\t\t<\/sr7-slide>\n\t\t\t\t\t<\/sr7-content>\n\t\t\t\t\t<image_lists style=\"display:none\">\n\t\t\t\t\t\t<img data-src=\"\/\/www.incap.int\/ciipec\/wp-content\/uploads\/2025\/11\/cg1.jpg\" data-libid=\"4648\" data-lib=\"medialibrary\" title=\"cg1\" width=\"0\" height=\"0\" data-dbsrc=\"Ly93d3cuaW5jYXAuaW50L2NpaXBlYy93cC1jb250ZW50L3VwbG9hZHMvMjAyNS8xMS9jZzEuanBn\"\/>\n\t\t\t\t\t\t<img data-src=\"\/\/www.incap.int\/ciipec\/wp-content\/uploads\/2025\/11\/cg2.jpg\" data-libid=\"4649\" data-lib=\"medialibrary\" title=\"cg2\" width=\"0\" height=\"0\" data-dbsrc=\"Ly93d3cuaW5jYXAuaW50L2NpaXBlYy93cC1jb250ZW50L3VwbG9hZHMvMjAyNS8xMS9jZzIuanBn\"\/>\n\t\t\t\t\t\t<img data-src=\"\/\/www.incap.int\/ciipec\/wp-content\/uploads\/2025\/11\/cg5.jpg\" data-libid=\"4652\" data-lib=\"medialibrary\" title=\"cg5\" width=\"0\" height=\"0\" data-dbsrc=\"Ly93d3cuaW5jYXAuaW50L2NpaXBlYy93cC1jb250ZW50L3VwbG9hZHMvMjAyNS8xMS9jZzUuanBn\"\/>\n\t\t\t\t\t\t<img data-src=\"\/\/www.incap.int\/ciipec\/wp-content\/uploads\/2025\/11\/cg4.jpg\" data-libid=\"4651\" data-lib=\"medialibrary\" title=\"cg4\" width=\"0\" height=\"0\" data-dbsrc=\"Ly93d3cuaW5jYXAuaW50L2NpaXBlYy93cC1jb250ZW50L3VwbG9hZHMvMjAyNS8xMS9jZzQuanBn\"\/>\n\t\t\t\t\t\t<img data-src=\"\/\/www.incap.int\/ciipec\/wp-content\/uploads\/2025\/11\/cg3.jpg\" data-libid=\"4650\" data-lib=\"medialibrary\" title=\"cg3\" width=\"0\" height=\"0\" data-dbsrc=\"Ly93d3cuaW5jYXAuaW50L2NpaXBlYy93cC1jb250ZW50L3VwbG9hZHMvMjAyNS8xMS9jZzMuanBn\"\/>\n\t\t\t\t\t<\/image_lists>\n\t\t\t\t<\/sr7-module>\n\t\t\t\t<script>\n\t\t\t\t\tSR7.PMH ??={}; SR7.PMH[\"SR7_1_1\"] = {cn:100,state:false,fn: function() { if (_tpt!==undefined && _tpt.prepareModuleHeight !== undefined) {  _tpt.prepareModuleHeight({id:\"SR7_1_1\",el:[600,600,768,400,320],type:'standard',shdw:'0',gh:[600,600,525,399,246],gw:[1170,1170,1024,778,480],vpt:['-100px'],size:{fullWidth:true, fullHeight:false},mh:'0',onh:0,onw:0,bg:{color:'{\"orig\":\"transparent\",\"type\":\"solid\",\"string\":\"transparent\"}'},plType:'0',plColor:'#FFFFFF'});   SR7.PMH[\"SR7_1_1\"].state=true;} else if(SR7.PMH[\"SR7_1_1\"].cn-->0)\tsetTimeout( SR7.PMH[\"SR7_1_1\"].fn,19);}};SR7.PMH[\"SR7_1_1\" ].fn();\n\t\t\t\t<\/script>\n[\/vc_column][\/vc_row][vc_row full_width=&#8221;stretch_row&#8221; row_space=&#8221;remove_padding&#8221; isfullwidth=&#8221;&#8221; css=&#8221;.vc_custom_1751616249872{padding-top: 15px !important;padding-bottom: 15px !important;background-color: #9F1D1D !important;}&#8221;][vc_column css=&#8221;.vc_custom_1751342762778{padding-bottom: 0px !important;}&#8221;][vc_row_inner css=&#8221;.vc_custom_1751342777130{padding-bottom: 0px !important;}&#8221;][vc_column_inner][vc_column_text css=&#8221;.vc_custom_1751616340882{margin-bottom: 0px !important;}&#8221; el_class=&#8221;white-font&#8221;]<\/p>\n<h3 style=\"text-align: center;\">Contribuyendo a la prevenci\u00f3n y control de las enfermedades cr\u00f3nicas no transmisibles en Centroam\u00e9rica y Rep\u00fablica Dominicana<\/h3>\n<p>[\/vc_column_text][\/vc_column_inner][\/vc_row_inner][\/vc_column][\/vc_row][vc_row full_width=&#8221;stretch_row&#8221; row_space=&#8221;remove_padding&#8221; isfullwidth=&#8221;&#8221; css=&#8221;.vc_custom_1751342996660{padding-top: 15px !important;padding-bottom: 15px !important;background-color: #00385C !important;}&#8221;][vc_column css=&#8221;.vc_custom_1751342762778{padding-bottom: 0px !important;}&#8221;][vc_row_inner css=&#8221;.vc_custom_1751342777130{padding-bottom: 0px !important;}&#8221;][vc_column_inner][vc_column_text css=&#8221;.vc_custom_1751381912184{background-color: #00385C !important;}&#8221; el_class=&#8221;white-font&#8221;]<\/p>\n<h2 style=\"text-align: center;\">CIIPEC es un centro de excelencia en investigaci\u00f3n multidisciplinaria, reconocido globalmente, que brinda soluciones basadas en evidencia para la toma de decisiones en prevenci\u00f3n y control de las enfermedades cr\u00f3nicas no transmisibles.<\/h2>\n<p>[\/vc_column_text][\/vc_column_inner][\/vc_row_inner][\/vc_column][\/vc_row][vc_row isfullwidth=&#8221;&#8221; css=&#8221;.vc_custom_1532107424465{padding-bottom: 0px !important;background-color: #f4f5f9 !important;}&#8221;][vc_column][vc_row_inner][vc_column_inner width=&#8221;1\/2&#8243; offset=&#8221;vc_col-lg-3 vc_col-md-3 vc_col-xs-6&#8243; css=&#8221;.vc_custom_1531818065940{padding-top: 30px !important;}&#8221;][gva_block_heading title=&#8221;Acerca de CIIPEC&#8221; style=&#8221;style-2&#8243; align=&#8221;align-left&#8221; html_tags=&#8221;h2&#8243; class=&#8221;&#8220;btn-inline&#8220;&#8221; el_class=&#8221;blue-font&#8221;][\/vc_column_inner][vc_column_inner width=&#8221;1\/2&#8243; offset=&#8221;vc_col-lg-3 vc_col-md-3 vc_col-xs-6&#8243;][gva_hover_box title=&#8221;QUIENES SOMOS&#8221; text_link=&#8221;Ver M\u00e1s&#8221; height=&#8221;250px&#8221; image=&#8221;3630&#8243; content_backend=&#8221;CIIPEC es el primer centro de investigaci\u00f3n en Centro Am\u00e9rica y Rep\u00fablica Dominicana especializado en investigaci\u00f3n de enfermedades cr\u00f3nicas no transmisibles.&#8221; link=&#8221;\/ciipec\/acerca-de-ciipec\/&#8221;][\/gva_hover_box][\/vc_column_inner][vc_column_inner width=&#8221;1\/2&#8243; offset=&#8221;vc_col-lg-3 vc_col-md-3 vc_col-xs-6&#8243;][gva_hover_box title=&#8221;MISION&#8221; text_link=&#8221;Ver M\u00e1s&#8221; height=&#8221;250px&#8221; image=&#8221;3632&#8243; link=&#8221;\/ciipec\/acerca-de-ciipec\/&#8221; content_backend=&#8221;Brindar soluciones basadas en evidencia para el fortalecimiento de las instituciones gubernamentales y acad\u00e9micas de Centro Am\u00e9rica y Rep\u00fablica Dominicana, mediante la generaci\u00f3n y diseminaci\u00f3n de evidencia cient\u00edfica y capacitaci\u00f3n de recurso humano en prevenci\u00f3n y control de las enfermedades cr\u00f3nicas no transmisibles y sus factores de riesgo.&#8221;][\/gva_hover_box][\/vc_column_inner][vc_column_inner width=&#8221;1\/2&#8243; offset=&#8221;vc_col-lg-3 vc_col-md-3 vc_col-xs-6&#8243;][gva_hover_box title=&#8221;VISION&#8221; text_link=&#8221;Ver M\u00e1s&#8221; height=&#8221;250px&#8221; image=&#8221;3633&#8243; link=&#8221;\/ciipec\/acerca-de-ciipec\/&#8221; content_backend=&#8221;El CIIPEC es un centro de invitaci\u00f3n reconocido mundialmente en el \u00e1rea de prevenci\u00f3n y control de las enfermedades cr\u00f3nicas no transmisibles en Centro Am\u00e9rica y Rep\u00fablica Dominicana.&#8221;][\/gva_hover_box][\/vc_column_inner][\/vc_row_inner][\/vc_column][\/vc_row][vc_row row_space=&#8221;remove_padding_bottom&#8221;][vc_column][gva_block_heading title=&#8221;NOTICIAS&#8221; icon=&#8221;gv-icon-619&#8243; html_tags=&#8221;h2&#8243; el_class=&#8221;blue-font&#8221;][gva_blogs_carousel items_lg=&#8221;3&#8243; items_md=&#8221;3&#8243; items_sm=&#8221;2&#8243; items_xs=&#8221;2&#8243; ca_pagination=&#8221;0&#8243; show_excerpt=&#8221;true&#8221; loop=&#8221;size:4|order_by:date|post_type:post&#8221;][\/vc_column][\/vc_row][vc_row css=&#8221;.vc_custom_1532319356025{background-color: #f5f5f5 !important;}&#8221;][vc_column][vc_row_inner][vc_column_inner][gva_block_heading title=&#8221;PUBLICACIONES&#8221; html_tags=&#8221;h2&#8243; el_class=&#8221;blue-font&#8221;][\/vc_column_inner][\/vc_row_inner][vc_row_inner][vc_column_inner width=&#8221;1\/3&#8243;][gva_service_box photo=&#8221;3655&#8243; title=&#8221;Cient\u00edficas&#8221; link=&#8221;\/ciipec\/cientificas\/&#8221; text_link=&#8221;Ver publicaciones&#8221;][\/vc_column_inner][vc_column_inner width=&#8221;1\/3&#8243;][gva_service_box photo=&#8221;3656&#8243; title=&#8221;Conferencias&#8221; link=&#8221;\/ciipec\/conferencias\/&#8221; text_link=&#8221;Ver conferencias&#8221;][\/vc_column_inner][vc_column_inner width=&#8221;1\/3&#8243;][gva_service_box photo=&#8221;3657&#8243; title=&#8221;Documentos T\u00e9cnicos&#8221; link=&#8221;\/ciipec\/documentos-tecnicos\/&#8221; text_link=&#8221;Ver documentos&#8221;][\/vc_column_inner][\/vc_row_inner][\/vc_column][\/vc_row][vc_row row_space=&#8221;remove_padding_bottom&#8221;][vc_column][gva_block_heading title=&#8221;PROYECTOS ACTUALES&#8221; icon=&#8221;gv-icon-619&#8243; html_tags=&#8221;h2&#8243; el_class=&#8221;blue-font&#8221;][gva_blogs_carousel items_lg=&#8221;3&#8243; items_md=&#8221;3&#8243; items_sm=&#8221;2&#8243; items_xs=&#8221;2&#8243; ca_pagination=&#8221;0&#8243; show_excerpt=&#8221;true&#8221; loop=&#8221;size:4|order_by:date|post_type:proyecto,post&#8221;][\/vc_column][\/vc_row][vc_row custom_background=&#8221;bg-center&#8221; css=&#8221;.vc_custom_1751916298414{background-image: url(https:\/\/ciipec.localhost\/wp-content\/uploads\/2025\/07\/map.png?id=4078) !important;}&#8221; el_class=&#8221;redes-homepage&#8221;][vc_column][gva_block_heading title=&#8221;REDES&#8221; style=&#8221;style-2&#8243; html_tags=&#8221;h2&#8243; el_class=&#8221;blue-font&#8221;][gva_icon_box link=&#8221;https:\/\/drexel.edu\/lac\/salurbal\/overview\/&#8221; image=&#8221;3775&#8243;][\/vc_column][\/vc_row][vc_row full_width=&#8221;stretch_row_content&#8221; custom_background=&#8221;bg-center&#8221; css=&#8221;.vc_custom_1751918693802{background-image: url(https:\/\/ciipec.localhost\/wp-content\/uploads\/2025\/07\/map.png?id=4078) !important;}&#8221; el_class=&#8221;bg-blue-theme home-brands&#8221;][vc_column][gva_brands per_page=&#8221;9&#8243; style=&#8221;style-2&#8243; items_lg=&#8221;5&#8243; items_md=&#8221;4&#8243; items_sm=&#8221;3&#8243; items_xs=&#8221;2&#8243; ca_loop=&#8221;0&#8243; ca_navigation=&#8221;0&#8243; ca_pagination=&#8221;0&#8243; columns=&#8221;5&#8243;][\/vc_column][\/vc_row][vc_row isfullwidth=&#8221;&#8221; el_class=&#8221;overlink-hover-green-effect&#8221;][vc_column width=&#8221;1\/4&#8243;][gva_icon_box title=&#8221;Eventos&#8221; link=&#8221;\/eventos\/&#8221; icon_width=&#8221;fa-3x&#8221; target=&#8221;true&#8221; icon_color=&#8221;#FDBE00&#8243; image=&#8221;3685&#8243; el_class=&#8221;green-font&#8221;][\/vc_column][vc_column width=&#8221;1\/4&#8243;][gva_icon_box title=&#8221;Cursos&#8221; link=&#8221;http:\/\/aulavirtual.incap.int\/moodle&#8221; icon_width=&#8221;fa-3x&#8221; target=&#8221;true&#8221; icon_color=&#8221;#FDBE00&#8243; image=&#8221;3686&#8243; el_class=&#8221;green-font&#8221;][\/vc_column][vc_column width=&#8221;1\/4&#8243;][gva_icon_box title=&#8221;Trabajos&#8221; link=&#8221;https:\/\/incap.int\/index.php\/es\/empleo2&#8243; icon_width=&#8221;fa-3x&#8221; icon_color=&#8221;#FDBE00&#8243; image=&#8221;3687&#8243; el_class=&#8221;green-font&#8221;][\/vc_column][vc_column width=&#8221;1\/4&#8243;][gva_icon_box title=&#8221;Socios&#8221; link=&#8221;\/socios-estrategicos\/&#8221; icon_width=&#8221;fa-3x&#8221; icon_color=&#8221;#FDBE00&#8243; image=&#8221;3688&#8243; el_class=&#8221;green-font&#8221;][\/vc_column][\/vc_row]<\/p>\n<\/div>","protected":false},"excerpt":{"rendered":"<p>[vc_row fullwidth=&#8221;0&#8243; row_space=&#8221;remove_padding&#8221; isfullwidth=&#8221;0&#8243;][vc_column][\/vc_column][\/vc_row][vc_row full_width=&#8221;stretch_row&#8221; row_space=&#8221;remove_padding&#8221; isfullwidth=&#8221;&#8221; css=&#8221;.vc_custom_1751616249872{padding-top: 15px !important;padding-bottom: 15px !important;background-color: #9F1D1D !important;}&#8221;][vc_column css=&#8221;.vc_custom_1751342762778{padding-bottom: 0px !important;}&#8221;][vc_row_inner css=&#8221;.vc_custom_1751342777130{padding-bottom: 0px !important;}&#8221;][vc_column_inner][vc_column_text css=&#8221;.vc_custom_1751616340882{margin-bottom: 0px !important;}&#8221; el_class=&#8221;white-font&#8221;] Contribuyendo a la prevenci\u00f3n y control de las enfermedades cr\u00f3nicas no transmisibles en Centroam\u00e9rica y Rep\u00fablica Dominicana [\/vc_column_text][\/vc_column_inner][\/vc_row_inner][\/vc_column][\/vc_row][vc_row full_width=&#8221;stretch_row&#8221; row_space=&#8221;remove_padding&#8221; isfullwidth=&#8221;&#8221; css=&#8221;.vc_custom_1751342996660{padding-top: 15px !important;padding-bottom: 15px !important;background-color: #00385C !important;}&#8221;][vc_column css=&#8221;.vc_custom_1751342762778{padding-bottom: 0px !important;}&#8221;][vc_row_inner [&hellip;]<\/p>\n","protected":false},"author":1,"featured_media":0,"parent":0,"menu_order":0,"comment_status":"closed","ping_status":"closed","template":"","meta":{"_acf_changed":false,"_uag_custom_page_level_css":"","footnotes":""},"class_list":["post-36","page","type-page","status-publish","hentry"],"acf":[],"uagb_featured_image_src":{"full":false,"thumbnail":false,"medium":false,"medium_large":false,"large":false,"1536x1536":false,"2048x2048":false,"post-thumbnail":false,"enzio_medium":false},"uagb_author_info":{"display_name":"ciipec_admin","author_link":"https:\/\/www.incap.int\/ciipec\/author\/ciipec_admin\/"},"uagb_comment_info":0,"uagb_excerpt":"[vc_row fullwidth=&#8221;0&#8243; row_space=&#8221;remove_padding&#8221; isfullwidth=&#8221;0&#8243;][vc_column][\/vc_column][\/vc_row][vc_row full_width=&#8221;stretch_row&#8221; row_space=&#8221;remove_padding&#8221; isfullwidth=&#8221;&#8221; css=&#8221;.vc_custom_1751616249872{padding-top: 15px !important;padding-bottom: 15px !important;background-color: #9F1D1D !important;}&#8221;][vc_column css=&#8221;.vc_custom_1751342762778{padding-bottom: 0px !important;}&#8221;][vc_row_inner css=&#8221;.vc_custom_1751342777130{padding-bottom: 0px !important;}&#8221;][vc_column_inner][vc_column_text css=&#8221;.vc_custom_1751616340882{margin-bottom: 0px !important;}&#8221; el_class=&#8221;white-font&#8221;] Contribuyendo a la prevenci\u00f3n y control de las enfermedades cr\u00f3nicas no transmisibles en Centroam\u00e9rica y Rep\u00fablica Dominicana [\/vc_column_text][\/vc_column_inner][\/vc_row_inner][\/vc_column][\/vc_row][vc_row full_width=&#8221;stretch_row&#8221; row_space=&#8221;remove_padding&#8221; isfullwidth=&#8221;&#8221; css=&#8221;.vc_custom_1751342996660{padding-top: 15px !important;padding-bottom: 15px !important;background-color: #00385C !important;}&#8221;][vc_column css=&#8221;.vc_custom_1751342762778{padding-bottom: 0px !important;}&#8221;][vc_row_inner&hellip;","_links":{"self":[{"href":"https:\/\/www.incap.int\/ciipec\/wp-json\/wp\/v2\/pages\/36","targetHints":{"allow":["GET"]}}],"collection":[{"href":"https:\/\/www.incap.int\/ciipec\/wp-json\/wp\/v2\/pages"}],"about":[{"href":"https:\/\/www.incap.int\/ciipec\/wp-json\/wp\/v2\/types\/page"}],"author":[{"embeddable":true,"href":"https:\/\/www.incap.int\/ciipec\/wp-json\/wp\/v2\/users\/1"}],"replies":[{"embeddable":true,"href":"https:\/\/www.incap.int\/ciipec\/wp-json\/wp\/v2\/comments?post=36"}],"version-history":[{"count":70,"href":"https:\/\/www.incap.int\/ciipec\/wp-json\/wp\/v2\/pages\/36\/revisions"}],"predecessor-version":[{"id":4647,"href":"https:\/\/www.incap.int\/ciipec\/wp-json\/wp\/v2\/pages\/36\/revisions\/4647"}],"wp:attachment":[{"href":"https:\/\/www.incap.int\/ciipec\/wp-json\/wp\/v2\/media?parent=36"}],"curies":[{"name":"wp","href":"https:\/\/api.w.org\/{rel}","templated":true}]}}