{"id":610,"date":"2016-03-07T03:10:46","date_gmt":"2016-03-07T03:10:46","guid":{"rendered":"https:\/\/themegavias.com\/wp\/enzio\/?page_id=610"},"modified":"2025-07-04T18:25:18","modified_gmt":"2025-07-04T16:25:18","slug":"contactenos","status":"publish","type":"page","link":"https:\/\/www.incap.int\/ciipec\/contactenos\/","title":{"rendered":"Cont\u00e1ctenos"},"content":{"rendered":"<div class=\"wpb-content-wrapper\"><p>[vc_row row_space=&#8221;remove_padding&#8221;][vc_column width=&#8221;2\/3&#8243;][vc_column_text css=&#8221;&#8221;]<\/p>\n<h5>Para realizar cualquier consulta directa, escribir a las siguientes cuentas de correo electr\u00f3nico:\u00a0<span id=\"cloak12edc94f5dab7ad988961bf08593fa72\"><a href=\"mailto:droche@incap.int\">droche@incap.int<\/a><\/span>;\u00a0<span id=\"cloakd80a4133b1d7516e3a96444eae411348\"><a href=\"mailto:mdominguez@incap.int\">mdominguez@incap.int<\/a><\/span><\/h5>\n<p>[\/vc_column_text]\n<div class=\"wpcf7 no-js\" id=\"wpcf7-f236-o1\" lang=\"en-US\" dir=\"ltr\" data-wpcf7-id=\"236\">\n<div class=\"screen-reader-response\"><p role=\"status\" aria-live=\"polite\" aria-atomic=\"true\"><\/p> <ul><\/ul><\/div>\n<form action=\"\/ciipec\/wp-json\/wp\/v2\/pages\/610#wpcf7-f236-o1\" method=\"post\" class=\"wpcf7-form init\" aria-label=\"Contact form\" novalidate=\"novalidate\" data-status=\"init\">\n<div style=\"display: none;\">\n<input type=\"hidden\" name=\"_wpcf7\" value=\"236\" \/>\n<input type=\"hidden\" name=\"_wpcf7_version\" value=\"6.0.6\" \/>\n<input type=\"hidden\" name=\"_wpcf7_locale\" value=\"en_US\" \/>\n<input type=\"hidden\" name=\"_wpcf7_unit_tag\" value=\"wpcf7-f236-o1\" \/>\n<input type=\"hidden\" name=\"_wpcf7_container_post\" value=\"0\" \/>\n<input type=\"hidden\" name=\"_wpcf7_posted_data_hash\" value=\"\" \/>\n<\/div>\n<div class=\"row\">\n\t<div class=\"col-sm-6 col-xs-12\">\n\t\t<p><label> Nombre<br \/>\n<span class=\"wpcf7-form-control-wrap\" data-name=\"your-first-name\"><input size=\"40\" maxlength=\"400\" class=\"wpcf7-form-control wpcf7-text wpcf7-validates-as-required\" aria-required=\"true\" aria-invalid=\"false\" placeholder=\"Nombre *\" value=\"\" type=\"text\" name=\"your-first-name\" \/><\/span> <\/label>\n\t\t<\/p>\n\t<\/div>\n\t<div class=\"col-sm-6 col-xs-12\">\n\t\t<p><label> Apellido<br \/>\n<span class=\"wpcf7-form-control-wrap\" data-name=\"your-last-name\"><input size=\"40\" maxlength=\"400\" class=\"wpcf7-form-control wpcf7-text wpcf7-validates-as-required\" aria-required=\"true\" aria-invalid=\"false\" placeholder=\"Apellido *\" value=\"\" type=\"text\" name=\"your-last-name\" \/><\/span> <\/label>\n\t\t<\/p>\n\t<\/div>\n<\/div>\n<div class=\"row\">\n\t<div class=\"col-sm-6 col-xs-12\">\n\t\t<p><label> Correo Electr\u00f3nico<br \/>\n<span class=\"wpcf7-form-control-wrap\" data-name=\"your-email\"><input size=\"40\" maxlength=\"400\" class=\"wpcf7-form-control wpcf7-email wpcf7-validates-as-required wpcf7-text wpcf7-validates-as-email\" aria-required=\"true\" aria-invalid=\"false\" placeholder=\"Correo Electr\u00f3nico *\" value=\"\" type=\"email\" name=\"your-email\" \/><\/span> <\/label>\n\t\t<\/p>\n\t<\/div>\n\t<div class=\"col-sm-6 col-xs-12\">\n\t\t<p><label> Ciudad<br \/>\n<span class=\"wpcf7-form-control-wrap\" data-name=\"your-city\"><input size=\"40\" maxlength=\"400\" class=\"wpcf7-form-control wpcf7-text wpcf7-validates-as-required\" aria-required=\"true\" aria-invalid=\"false\" placeholder=\"Ciudad *\" value=\"\" type=\"text\" name=\"your-city\" \/><\/span> <\/label>\n\t\t<\/p>\n\t<\/div>\n<\/div>\n<div class=\"row\">\n\t<div class=\"col-xs-12\">\n\t\t<p><label> Instituci\u00f3n\/Organizaci\u00f3n\/Asociasi\u00f3n<br \/>\n<span class=\"wpcf7-form-control-wrap\" data-name=\"your-org\"><input size=\"40\" maxlength=\"400\" class=\"wpcf7-form-control wpcf7-text\" aria-invalid=\"false\" placeholder=\"Instituci\u00f3n\/Organizaci\u00f3n\/Asociasi\u00f3n\" value=\"\" type=\"text\" name=\"your-org\" \/><\/span> <\/label>\n\t\t<\/p>\n\t<\/div>\n\t<div class=\"col-xs-12\">\n\t\t<p><label> Puesto<br \/>\n<span class=\"wpcf7-form-control-wrap\" data-name=\"your-puesto\"><input size=\"40\" maxlength=\"400\" class=\"wpcf7-form-control wpcf7-text\" aria-invalid=\"false\" placeholder=\"Puesto\" value=\"\" type=\"text\" name=\"your-puesto\" \/><\/span> <\/label>\n\t\t<\/p>\n\t<\/div>\n\t<div class=\"col-xs-12\">\n\t\t<p><label> Direcci\u00f3n<br \/>\n<span class=\"wpcf7-form-control-wrap\" data-name=\"your-direccion\"><input size=\"40\" maxlength=\"400\" class=\"wpcf7-form-control wpcf7-text\" aria-invalid=\"false\" placeholder=\"Direcci\u00f3n\" value=\"\" type=\"text\" name=\"your-direccion\" \/><\/span> <\/label>\n\t\t<\/p>\n\t<\/div>\n\t<div class=\"col-xs-12\">\n\t\t<p><label> Tel\u00e9fono (\u00c1rea + n\u00famero de tel\u00e9fono)<br \/>\n<span class=\"wpcf7-form-control-wrap\" data-name=\"your-tel\"><input size=\"40\" maxlength=\"400\" class=\"wpcf7-form-control wpcf7-text\" aria-invalid=\"false\" placeholder=\"Tel\u00e9fono (\u00c1rea + n\u00famero de tel\u00e9fono)\" value=\"\" type=\"text\" name=\"your-tel\" \/><\/span> <\/label>\n\t\t<\/p>\n\t<\/div>\n<\/div>\n<div class=\"row\">\n\t<div class=\"col-xs-12\">\n\t\t<p><label> Mensaje o comentario<br \/>\n<span class=\"wpcf7-form-control-wrap\" data-name=\"rows\"><textarea cols=\"40\" rows=\"10\" maxlength=\"2000\" class=\"wpcf7-form-control wpcf7-textarea\" aria-invalid=\"false\" placeholder=\"Mensaje o comentario\" name=\"rows\"><\/textarea><\/span> <\/label>\n\t\t<\/p>\n\t<\/div>\n\t<div class=\"col-xs-12 action\">\n\t\t<p><input class=\"wpcf7-form-control wpcf7-submit has-spinner\" type=\"submit\" value=\"Enviar Mensaje\" \/>\n\t\t<\/p>\n\t<\/div>\n<\/div><div class=\"wpcf7-response-output\" aria-hidden=\"true\"><\/div>\n<\/form>\n<\/div>\n[\/vc_column][vc_column width=&#8221;1\/3&#8243;][gva_block_heading title=&#8221;INCAP sede&#8221; align=&#8221;align-left&#8221; html_tags=&#8221;h3&#8243;][gva_contact_info photo=&#8221;954&#8243; address=&#8221;Calzada Roosevelt 6-25 zona 11, INCAP III, Guatemala, Guatemala C.A.&#8221; phone=&#8221;Tel\u00e9fono: (502) 2471-9913 &amp; 2472-3762 Fax: (502) 2473-6529&#8243; email=&#8221;ciipec@incap.int&#8221; website=&#8221;https:\/\/www.incap.int\/ciipec&#8221;][\/vc_column][\/vc_row]<\/p>\n<\/div>","protected":false},"excerpt":{"rendered":"<p>[vc_row row_space=&#8221;remove_padding&#8221;][vc_column width=&#8221;2\/3&#8243;][vc_column_text css=&#8221;&#8221;] Para realizar cualquier consulta directa, escribir a las siguientes cuentas de correo electr\u00f3nico:\u00a0droche@incap.int;\u00a0mdominguez@incap.int [\/vc_column_text][\/vc_column][vc_column width=&#8221;1\/3&#8243;][gva_block_heading title=&#8221;INCAP sede&#8221; align=&#8221;align-left&#8221; html_tags=&#8221;h3&#8243;][gva_contact_info photo=&#8221;954&#8243; address=&#8221;Calzada Roosevelt 6-25 zona 11, INCAP III, Guatemala, Guatemala C.A.&#8221; phone=&#8221;Tel\u00e9fono: (502) 2471-9913 &amp; 2472-3762 Fax: (502) 2473-6529&#8243; email=&#8221;ciipec@incap.int&#8221; website=&#8221;https:\/\/www.incap.int\/ciipec&#8221;][\/vc_column][\/vc_row]<\/p>\n","protected":false},"author":1,"featured_media":0,"parent":0,"menu_order":0,"comment_status":"closed","ping_status":"closed","template":"","meta":{"_acf_changed":false,"_uag_custom_page_level_css":"","footnotes":""},"class_list":["post-610","page","type-page","status-publish","hentry"],"acf":[],"uagb_featured_image_src":{"full":false,"thumbnail":false,"medium":false,"medium_large":false,"large":false,"1536x1536":false,"2048x2048":false,"post-thumbnail":false,"enzio_medium":false},"uagb_author_info":{"display_name":"ciipec_admin","author_link":"https:\/\/www.incap.int\/ciipec\/author\/ciipec_admin\/"},"uagb_comment_info":0,"uagb_excerpt":"[vc_row row_space=&#8221;remove_padding&#8221;][vc_column width=&#8221;2\/3&#8243;][vc_column_text css=&#8221;&#8221;] Para realizar cualquier consulta directa, escribir a las siguientes cuentas de correo electr\u00f3nico:\u00a0droche@incap.int;\u00a0mdominguez@incap.int [\/vc_column_text][\/vc_column][vc_column width=&#8221;1\/3&#8243;][gva_block_heading title=&#8221;INCAP sede&#8221; align=&#8221;align-left&#8221; html_tags=&#8221;h3&#8243;][gva_contact_info photo=&#8221;954&#8243; address=&#8221;Calzada Roosevelt 6-25 zona 11, INCAP III, Guatemala, Guatemala C.A.&#8221; phone=&#8221;Tel\u00e9fono: (502) 2471-9913 &amp; 2472-3762 Fax: (502) 2473-6529&#8243; email=&#8221;ciipec@incap.int&#8221; website=&#8221;https:\/\/www.incap.int\/ciipec&#8221;][\/vc_column][\/vc_row]","_links":{"self":[{"href":"https:\/\/www.incap.int\/ciipec\/wp-json\/wp\/v2\/pages\/610","targetHints":{"allow":["GET"]}}],"collection":[{"href":"https:\/\/www.incap.int\/ciipec\/wp-json\/wp\/v2\/pages"}],"about":[{"href":"https:\/\/www.incap.int\/ciipec\/wp-json\/wp\/v2\/types\/page"}],"author":[{"embeddable":true,"href":"https:\/\/www.incap.int\/ciipec\/wp-json\/wp\/v2\/users\/1"}],"replies":[{"embeddable":true,"href":"https:\/\/www.incap.int\/ciipec\/wp-json\/wp\/v2\/comments?post=610"}],"version-history":[{"count":7,"href":"https:\/\/www.incap.int\/ciipec\/wp-json\/wp\/v2\/pages\/610\/revisions"}],"predecessor-version":[{"id":3998,"href":"https:\/\/www.incap.int\/ciipec\/wp-json\/wp\/v2\/pages\/610\/revisions\/3998"}],"wp:attachment":[{"href":"https:\/\/www.incap.int\/ciipec\/wp-json\/wp\/v2\/media?parent=610"}],"curies":[{"name":"wp","href":"https:\/\/api.w.org\/{rel}","templated":true}]}}