{"id":612,"date":"2016-03-07T03:11:04","date_gmt":"2016-03-07T03:11:04","guid":{"rendered":"https:\/\/themegavias.com\/wp\/enzio\/?page_id=612"},"modified":"2025-07-12T19:32:04","modified_gmt":"2025-07-12T17:32:04","slug":"acerca-de-ciipec","status":"publish","type":"page","link":"https:\/\/www.incap.int\/ciipec\/acerca-de-ciipec\/","title":{"rendered":"Acerca de CIIPEC"},"content":{"rendered":"<div class=\"wpb-content-wrapper\"><p>[vc_row equal_height=&#8221;yes&#8221; row_space=&#8221;remove_padding&#8221;][vc_column parallax=&#8221;content-moving&#8221; parallax_image=&#8221;2644&#8243; width=&#8221;1\/2&#8243;][vc_row_inner][vc_column_inner][gva_block_heading title=&#8221;Acerca de CIIPEC&#8221; style=&#8221;style-2&#8243; align=&#8221;align-left&#8221; el_class=&#8221;blue-font&#8221;][vc_column_text css=&#8221;&#8221;]El Centro de Investigaci\u00f3n del INCAP para la Prevenci\u00f3n de las Enfermedades Cr\u00f3nicas (CIIPEC) fue establecido el 9 de agosto de 2009 con la ayuda del financiamiento para establecer Centros de Excelencia, otorgado por The National Heart, Lung and Blood Institute (NHLBI) y United Health Group (UHG). El CIIPEC fue creado en respuesta al Plan Estrat\u00e9gico y de Acci\u00f3n para la Prevenci\u00f3n de Enfermedades Cr\u00f3nicas no Transmisibles en Centroam\u00e9rica y Rep\u00fablica Dominicana 2007-2021.<\/p>\n<p>Durante estos 15 a\u00f1os de trabajo y desarrollo continuo, CIIPEC ha llevado a cabo m\u00e1s de 20 proyectos de investigaci\u00f3n, ha publicado m\u00e1s de 70 art\u00edculos cient\u00edficos de revisi\u00f3n \u200b\u200bpor pares y ha creado varios documentos t\u00e9cnicos. La mayor parte de esta evidencia se ha utilizado para respaldar pol\u00edticas nacionales y regionales y programas nacionales para abordar las enfermedades cr\u00f3nicas no transmisibles en Am\u00e9rica Central y Rep\u00fablica Dominicana.<\/p>\n<p>CIIPEC ha capacitado a m\u00e1s de 50 investigadores j\u00f3venes interesados \u200b\u200ben enfermedades cr\u00f3nicas no transmisibles. El centro ha brindado tutor\u00eda, financiamiento de investigaci\u00f3n e infraestructura a estos prometedores profesionales y les ha ayudado a desarrollar una carrera exitosa, con el objetivo de expandir significativamente la capacidad de investigaci\u00f3n y aumentar el n\u00famero de investigadores en la regi\u00f3n.<\/p>\n<p>Finalmente, el CIIPEC tambi\u00e9n ha trabajado para fortalecer las capacidades institucionales de los sectores de la salud y acad\u00e9micos que trabajan en la prevenci\u00f3n y control de las enfermedades cr\u00f3nicas no transmisibles, particularmente mediante la creaci\u00f3n y apoyo de la Comisi\u00f3n T\u00e9cnica de Enfermedades Cr\u00f3nicas y C\u00e1ncer (CTCC) en el sector gubernamental y la Red de Instituciones de Investigaci\u00f3n en Enfermedades Cr\u00f3nicas (RIIEC) en el sector acad\u00e9mico[\/vc_column_text][\/vc_column_inner][\/vc_row_inner][\/vc_column][vc_column width=&#8221;1\/2&#8243; el_class=&#8221;column-style-1 center-image&#8221;][vc_single_image image=&#8221;3709&#8243; img_size=&#8221;&#8221; alignment=&#8221;center&#8221; css=&#8221;&#8221;][\/vc_column][\/vc_row][vc_row isfullwidth=&#8221;&#8221; css=&#8221;.vc_custom_1496818669994{padding-bottom: 20px !important;}&#8221;][vc_column width=&#8221;1\/4&#8243;][gva_icon_box title=&#8221;Visi\u00f3n&#8221; icon_position=&#8221;left&#8221; image=&#8221;3719&#8243; el_class=&#8221;small-icon&#8221;][vc_column_text css=&#8221;&#8221;]CIIPEC es un centro de investigaci\u00f3n reconocido mundialmente en el \u00e1rea de prevenci\u00f3n y control de enfermedades cr\u00f3nicas no transmisibles en Centroam\u00e9rica y Rep\u00fablica Dominicana[\/vc_column_text][\/vc_column][vc_column width=&#8221;1\/4&#8243; css=&#8221;.vc_custom_1530587010113{padding-top: 0px !important;}&#8221;][gva_icon_box title=&#8221;Misi\u00f3n&#8221; icon_position=&#8221;left&#8221; image=&#8221;3720&#8243; el_class=&#8221;small-icon&#8221;][vc_column_text css=&#8221;&#8221;]CIIPEC tiene como objetivo fortalecer las capacidades de las instituciones gubernamentales y acad\u00e9micas de Centroam\u00e9rica y Rep\u00fablica Dominicana, brindando soluciones basadas en evidencia a trav\u00e9s de la generaci\u00f3n y difusi\u00f3n de evidencia cient\u00edfica y la capacitaci\u00f3n de recurso humano en el \u00e1rea de prevenci\u00f3n y control de las enfermedades cr\u00f3nicas no transmisibles y sus factores de riesgo.[\/vc_column_text][\/vc_column][vc_column width=&#8221;1\/4&#8243;][gva_icon_box title=&#8221;Objetivos&#8221; icon_position=&#8221;left&#8221; image=&#8221;3721&#8243; el_class=&#8221;small-icon&#8221;][vc_column_text css=&#8221;&#8221;]Fortalecer la capacidad para recolectar, monitorear y analizar datos epidemiol\u00f3gicos relacionados con la calidad de la atenci\u00f3n cl\u00ednica, los determinantes de salud y nutrici\u00f3n de las enfermedades cr\u00f3nicas no transmisibles.[\/vc_column_text][\/vc_column][vc_column width=&#8221;1\/4&#8243;][vc_column_text css=&#8221;&#8221;]Desarrollar y evaluar modelos de intervenciones exitosos para la promoci\u00f3n de la salud, la prevenci\u00f3n y la atenci\u00f3n de enfermedades cr\u00f3nicas no transmisibles que puedan ampliarse a nivel nacional.<\/p>\n<p>Fortalecer las capacidades institucionales de investigaci\u00f3n y brindar oportunidades para la formaci\u00f3n de recurso humano en la investigaci\u00f3n de enfermedades cr\u00f3nicas no transmisibles.[\/vc_column_text][\/vc_column][\/vc_row]<\/p>\n<\/div>","protected":false},"excerpt":{"rendered":"<p>[vc_row equal_height=&#8221;yes&#8221; row_space=&#8221;remove_padding&#8221;][vc_column parallax=&#8221;content-moving&#8221; parallax_image=&#8221;2644&#8243; width=&#8221;1\/2&#8243;][vc_row_inner][vc_column_inner][gva_block_heading title=&#8221;Acerca de CIIPEC&#8221; style=&#8221;style-2&#8243; align=&#8221;align-left&#8221; el_class=&#8221;blue-font&#8221;][vc_column_text css=&#8221;&#8221;]El Centro de Investigaci\u00f3n del INCAP para la Prevenci\u00f3n de las Enfermedades Cr\u00f3nicas (CIIPEC) fue establecido el 9 de agosto de 2009 con la ayuda del financiamiento para establecer Centros de Excelencia, otorgado por The National Heart, Lung and Blood Institute (NHLBI) y [&hellip;]<\/p>\n","protected":false},"author":1,"featured_media":0,"parent":0,"menu_order":0,"comment_status":"closed","ping_status":"closed","template":"","meta":{"_acf_changed":false,"_uag_custom_page_level_css":"","footnotes":""},"class_list":["post-612","page","type-page","status-publish","hentry"],"acf":[],"uagb_featured_image_src":{"full":false,"thumbnail":false,"medium":false,"medium_large":false,"large":false,"1536x1536":false,"2048x2048":false,"post-thumbnail":false,"enzio_medium":false},"uagb_author_info":{"display_name":"ciipec_admin","author_link":"https:\/\/www.incap.int\/ciipec\/author\/ciipec_admin\/"},"uagb_comment_info":0,"uagb_excerpt":"[vc_row equal_height=&#8221;yes&#8221; row_space=&#8221;remove_padding&#8221;][vc_column parallax=&#8221;content-moving&#8221; parallax_image=&#8221;2644&#8243; width=&#8221;1\/2&#8243;][vc_row_inner][vc_column_inner][gva_block_heading title=&#8221;Acerca de CIIPEC&#8221; style=&#8221;style-2&#8243; align=&#8221;align-left&#8221; el_class=&#8221;blue-font&#8221;][vc_column_text css=&#8221;&#8221;]El Centro de Investigaci\u00f3n del INCAP para la Prevenci\u00f3n de las Enfermedades Cr\u00f3nicas (CIIPEC) fue establecido el 9 de agosto de 2009 con la ayuda del financiamiento para establecer Centros de Excelencia, otorgado por The National Heart, Lung and Blood Institute (NHLBI) y&hellip;","_links":{"self":[{"href":"https:\/\/www.incap.int\/ciipec\/wp-json\/wp\/v2\/pages\/612","targetHints":{"allow":["GET"]}}],"collection":[{"href":"https:\/\/www.incap.int\/ciipec\/wp-json\/wp\/v2\/pages"}],"about":[{"href":"https:\/\/www.incap.int\/ciipec\/wp-json\/wp\/v2\/types\/page"}],"author":[{"embeddable":true,"href":"https:\/\/www.incap.int\/ciipec\/wp-json\/wp\/v2\/users\/1"}],"replies":[{"embeddable":true,"href":"https:\/\/www.incap.int\/ciipec\/wp-json\/wp\/v2\/comments?post=612"}],"version-history":[{"count":19,"href":"https:\/\/www.incap.int\/ciipec\/wp-json\/wp\/v2\/pages\/612\/revisions"}],"predecessor-version":[{"id":4543,"href":"https:\/\/www.incap.int\/ciipec\/wp-json\/wp\/v2\/pages\/612\/revisions\/4543"}],"wp:attachment":[{"href":"https:\/\/www.incap.int\/ciipec\/wp-json\/wp\/v2\/media?parent=612"}],"curies":[{"name":"wp","href":"https:\/\/api.w.org\/{rel}","templated":true}]}}