{"id":8,"date":"2026-01-13T15:56:52","date_gmt":"2026-01-13T14:56:52","guid":{"rendered":"https:\/\/www.incap.int\/empleo\/jobs\/"},"modified":"2026-01-22T15:29:18","modified_gmt":"2026-01-22T14:29:18","slug":"jobs","status":"publish","type":"page","link":"https:\/\/www.incap.int\/empleo\/","title":{"rendered":"Bienvenidos a la secci\u00f3n de empleo"},"content":{"rendered":"\n<p>En esta secci\u00f3n se publican las oportunidades laborales vigentes para brindar sus servicios profesionales a nuestra instituci\u00f3n, as\u00ed tambi\u00e9n convocatorias para la adquisici\u00f3n de productos o servicios. Buscamos personas que compartan nuestros valores y que deseen contribuir al cumplimiento de nuestros objetivos institucionales. \u00a0 Las personas interesadas podr\u00e1n consultar las vacantes disponibles y postularse conforme a los requisitos establecidos en cada convocatoria.<\/p>\n\n\n\n<p>Valoramos el compromiso, la \u00e9tica y la excelencia en el desempe\u00f1o profesional.<\/p>\n\n\n<div class=\"job_listings\" data-location=\"\" data-keywords=\"\" data-show_filters=\"true\" data-show_pagination=\"false\" data-per_page=\"10\" data-orderby=\"featured\" data-order=\"DESC\" data-categories=\"\" data-disable-form-state-storage=\"\" data-featured_first=\"false\" data-post_id=\"8\" >\n<form class=\"job_filters\">\n\t\n\t<div class=\"search_jobs\">\n\t\t\n\t\t<div class=\"search_keywords\">\n\t\t\t<label for=\"search_keywords\">Palabras claves<\/label>\n\t\t\t<input type=\"text\" name=\"search_keywords\" id=\"search_keywords\" placeholder=\"Palabras claves\" value=\"\" \/>\n\t\t<\/div>\n\n\t\t<div class=\"search_location\">\n\t\t\t<label for=\"search_location\">Ubicaci\u00f3n<\/label>\n\t\t\t<input type=\"text\" name=\"search_location\" id=\"search_location\" placeholder=\"Ubicaci\u00f3n\" value=\"\" \/>\n\t\t<\/div>\n\n\t\t\t\t\t<div class=\"search_remote_position\">\n\t\t\t\t<input type=\"checkbox\" class=\"input-checkbox\" name=\"remote_position\" id=\"remote_position\" placeholder=\"Ubicaci\u00f3n\" value=\"1\"  \/>\n\t\t\t\t<label for=\"remote_position\" id=\"remote_position_label\">Remote positions only<\/label>\n\t\t\t<\/div>\n\t\t\n\t\t<div style=\"clear: both\"><\/div>\n\n\t\t\n\t\t\t\t\t<div class=\"search_submit\">\n\t\t\t\t<input type=\"submit\" value=\"Buscar trabajos\">\n\t\t\t<\/div>\n\t\t\n\t\t\t<\/div>\n\n\t\t<ul class=\"job_types\">\n\t\t\t\t\t<li><label for=\"job_type_freelance\" class=\"independiente\"><input type=\"checkbox\" name=\"filter_job_type[]\" value=\"freelance\"  checked='checked' id=\"job_type_freelance\" \/> Independiente<\/label><\/li>\n\t\t\t\t\t<li><label for=\"job_type_internship\" class=\"pasantia\"><input type=\"checkbox\" name=\"filter_job_type[]\" value=\"internship\"  checked='checked' id=\"job_type_internship\" \/> Pasant\u00eda<\/label><\/li>\n\t\t\t\t\t<li><label for=\"job_type_temporary\" class=\"temporal\"><input type=\"checkbox\" name=\"filter_job_type[]\" value=\"temporary\"  checked='checked' id=\"job_type_temporary\" \/> Temporal<\/label><\/li>\n\t\t\t\t\t<li><label for=\"job_type_full-time\" class=\"tiempo-completo\"><input type=\"checkbox\" name=\"filter_job_type[]\" value=\"full-time\"  checked='checked' id=\"job_type_full-time\" \/> Tiempo completo<\/label><\/li>\n\t\t\t\t\t<li><label for=\"job_type_part-time\" class=\"tiempo-parcial\"><input type=\"checkbox\" name=\"filter_job_type[]\" value=\"part-time\"  checked='checked' id=\"job_type_part-time\" \/> Tiempo parcial<\/label><\/li>\n\t\t\t<\/ul>\n\t<input type=\"hidden\" name=\"filter_job_type[]\" value=\"\" \/>\n<div class=\"showing_jobs\"><\/div><\/form>\n\n\n<noscript>Tu navegador no es compatible con JavaScript o est\u00e1 desactivado. JavaScript debe estar activado para poder ver los anuncios.<\/noscript>\n<ul class=\"job_listings\">\n<\/ul>\n<a class=\"load_more_jobs\" href=\"#\" style=\"display:none;\"><strong>Cargar m\u00e1s anuncios<\/strong><\/a><\/div>","protected":false},"excerpt":{"rendered":"<p>En esta secci\u00f3n se publican las oportunidades laborales vigentes para brindar sus servicios profesionales a nuestra instituci\u00f3n, as\u00ed tambi\u00e9n convocatorias para la adquisici\u00f3n de productos o servicios. Buscamos personas que compartan nuestros valores y que deseen contribuir al cumplimiento de nuestros objetivos institucionales. \u00a0 Las personas interesadas podr\u00e1n consultar las vacantes disponibles y postularse conforme [&hellip;]<\/p>\n","protected":false},"author":1,"featured_media":0,"parent":0,"menu_order":0,"comment_status":"closed","ping_status":"closed","template":"","meta":{"footnotes":""},"class_list":["post-8","page","type-page","status-publish","hentry"],"_links":{"self":[{"href":"https:\/\/www.incap.int\/empleo\/wp-json\/wp\/v2\/pages\/8","targetHints":{"allow":["GET"]}}],"collection":[{"href":"https:\/\/www.incap.int\/empleo\/wp-json\/wp\/v2\/pages"}],"about":[{"href":"https:\/\/www.incap.int\/empleo\/wp-json\/wp\/v2\/types\/page"}],"author":[{"embeddable":true,"href":"https:\/\/www.incap.int\/empleo\/wp-json\/wp\/v2\/users\/1"}],"replies":[{"embeddable":true,"href":"https:\/\/www.incap.int\/empleo\/wp-json\/wp\/v2\/comments?post=8"}],"version-history":[{"count":3,"href":"https:\/\/www.incap.int\/empleo\/wp-json\/wp\/v2\/pages\/8\/revisions"}],"predecessor-version":[{"id":53,"href":"https:\/\/www.incap.int\/empleo\/wp-json\/wp\/v2\/pages\/8\/revisions\/53"}],"wp:attachment":[{"href":"https:\/\/www.incap.int\/empleo\/wp-json\/wp\/v2\/media?parent=8"}],"curies":[{"name":"wp","href":"https:\/\/api.w.org\/{rel}","templated":true}]}}